{"id":13510,"date":"2023-03-09T17:32:53","date_gmt":"2023-03-09T17:32:53","guid":{"rendered":"https:\/\/dev.dharmashop.de\/?post_type=product&#038;p=13510"},"modified":"2026-04-10T06:23:24","modified_gmt":"2026-04-10T06:23:24","slug":"mini-thangka-medizinbuddha","status":"publish","type":"product","link":"https:\/\/dharmashop.de\/en\/produkt\/mini-thangka-medizinbuddha\/","title":{"rendered":"Mini Thangka Medizinbuddha"},"content":{"rendered":"","protected":false},"excerpt":{"rendered":"<div class=\"spec-item\">\n<div class=\"spec-desc\">Kleines gedrucktes Thangka des Medizinbuddhas.<br \/>\nUm einen beliebigen Raum zu schm\u00fccken oder \u00fcber einem Altar zu h\u00e4ngen.<br \/>\nMit Brokatrahmen.\u00a0Material<\/div>\n<div class=\"spec-value\">Brokat,<\/div>\n<\/div>\n<div class=\"spec-item\">\n<div class=\"spec-desc\">Gr\u00f6\u00dfe cm<\/div>\n<div class=\"spec-value\">\u00b1 29&#215;20,<\/div>\n<\/div>\n<div class=\"spec-item\">\n<div class=\"spec-desc\">Gesamtgewicht gr<\/div>\n<div class=\"spec-value\">34,<\/div>\n<\/div>\n<div class=\"spec-item\">\n<div class=\"spec-desc\">Ursprungsland<\/div>\n<div class=\"spec-value\">Nepal<\/div>\n<\/div>","protected":false},"featured_media":19869,"template":"","meta":[],"product_brand":[],"product_cat":[79,21],"product_tag":[],"class_list":{"0":"post-13510","1":"product","2":"type-product","3":"status-publish","4":"has-post-thumbnail","6":"product_cat-thangkas-thangkas","7":"product_cat-thangkas","8":"sales-flash-overlay","9":"woocommerce-text-align-left","10":"woocommerce-image-align-center","11":"do-quantity-buttons","13":"first","14":"instock","15":"taxable","16":"shipping-taxable","17":"purchasable","18":"product-type-simple"},"acf":[],"_links":{"self":[{"href":"https:\/\/dharmashop.de\/en\/wp-json\/wp\/v2\/product\/13510","targetHints":{"allow":["GET"]}}],"collection":[{"href":"https:\/\/dharmashop.de\/en\/wp-json\/wp\/v2\/product"}],"about":[{"href":"https:\/\/dharmashop.de\/en\/wp-json\/wp\/v2\/types\/product"}],"wp:featuredmedia":[{"embeddable":true,"href":"https:\/\/dharmashop.de\/en\/wp-json\/wp\/v2\/media\/19869"}],"wp:attachment":[{"href":"https:\/\/dharmashop.de\/en\/wp-json\/wp\/v2\/media?parent=13510"}],"wp:term":[{"taxonomy":"product_brand","embeddable":true,"href":"https:\/\/dharmashop.de\/en\/wp-json\/wp\/v2\/product_brand?post=13510"},{"taxonomy":"product_cat","embeddable":true,"href":"https:\/\/dharmashop.de\/en\/wp-json\/wp\/v2\/product_cat?post=13510"},{"taxonomy":"product_tag","embeddable":true,"href":"https:\/\/dharmashop.de\/en\/wp-json\/wp\/v2\/product_tag?post=13510"}],"curies":[{"name":"wp","href":"https:\/\/api.w.org\/{rel}","templated":true}]}}