{"id":13942,"date":"2023-03-28T07:35:35","date_gmt":"2023-03-28T07:35:35","guid":{"rendered":"https:\/\/dharmashop.de\/?post_type=product&#038;p=13942"},"modified":"2026-04-04T12:06:37","modified_gmt":"2026-04-04T12:06:37","slug":"fenstersticker-medizin-buddha-mandala","status":"publish","type":"product","link":"https:\/\/dharmashop.de\/en\/produkt\/fenstersticker-medizin-buddha-mandala\/","title":{"rendered":"Fenstersticker Medizin Buddha Mandala"},"content":{"rendered":"","protected":false},"excerpt":{"rendered":"<p>Durchmesser 14cm.<br \/>\nSiebdruck in leuchtenden, transparenten Farben f\u00fcr Fenster und Glast\u00fcren.<br \/>\nDiese Sonnensiegel-Abziehbilder sind kleine Juwelen der Inspiration, die Sie in Ihren Lieblingsr\u00e4umen anbringen k\u00f6nnen.<br \/>\nWenn die Sonne durch sie hindurchscheint, bringen sie Str\u00f6me von farbigem Licht in jeden Raum.<br \/>\nSunseal-Abziehbilder haben die leuchtende Pr\u00e4senz von Buntglas.<\/p>\n<p><strong>Gebrauchsanweisung<\/strong><br \/>\nReinigen Sie das Glas oder eine andere Oberfl\u00e4che.<br \/>\nZiehen Sie die wei\u00dfe Schutzfolie ab.<br \/>\nBringen Sie das Sunseal Design auf, indem Sie oben beginnen und zu den R\u00e4ndern hin ausstreichen.<br \/>\nF\u00fcr den besten Schutz vor Sonne und Witterung kleben Sie es auf die Innenseite des Fensters.<\/p>\n<p><strong>Vorschl\u00e4ge<\/strong><br \/>\nSunseal-Abziehbilder haften auf jeder Oberfl\u00e4che. Verwenden Sie sie auf Auto- und Hausfenstern, Glast\u00fcren, Dachfenstern, Notebooks, \u00fcberall!<br \/>\nOder legen Sie einen Aufkleber in einen Brief oder eine Karte als kleines, leuchtendes Geschenk f\u00fcr einen Freund.<\/p>","protected":false},"featured_media":20319,"template":"","meta":[],"product_brand":[],"product_cat":[239],"product_tag":[],"class_list":{"0":"post-13942","1":"product","2":"type-product","3":"status-publish","4":"has-post-thumbnail","6":"product_cat-geschenkartikel","7":"sales-flash-overlay","8":"woocommerce-text-align-left","9":"woocommerce-image-align-center","10":"do-quantity-buttons","12":"first","13":"instock","14":"taxable","15":"shipping-taxable","16":"purchasable","17":"product-type-simple"},"acf":[],"_links":{"self":[{"href":"https:\/\/dharmashop.de\/en\/wp-json\/wp\/v2\/product\/13942","targetHints":{"allow":["GET"]}}],"collection":[{"href":"https:\/\/dharmashop.de\/en\/wp-json\/wp\/v2\/product"}],"about":[{"href":"https:\/\/dharmashop.de\/en\/wp-json\/wp\/v2\/types\/product"}],"wp:featuredmedia":[{"embeddable":true,"href":"https:\/\/dharmashop.de\/en\/wp-json\/wp\/v2\/media\/20319"}],"wp:attachment":[{"href":"https:\/\/dharmashop.de\/en\/wp-json\/wp\/v2\/media?parent=13942"}],"wp:term":[{"taxonomy":"product_brand","embeddable":true,"href":"https:\/\/dharmashop.de\/en\/wp-json\/wp\/v2\/product_brand?post=13942"},{"taxonomy":"product_cat","embeddable":true,"href":"https:\/\/dharmashop.de\/en\/wp-json\/wp\/v2\/product_cat?post=13942"},{"taxonomy":"product_tag","embeddable":true,"href":"https:\/\/dharmashop.de\/en\/wp-json\/wp\/v2\/product_tag?post=13942"}],"curies":[{"name":"wp","href":"https:\/\/api.w.org\/{rel}","templated":true}]}}