{"id":14287,"date":"2023-06-14T07:44:47","date_gmt":"2023-06-14T07:44:47","guid":{"rendered":"https:\/\/dharmashop.de\/?post_type=product&#038;p=14287"},"modified":"2026-03-12T10:03:21","modified_gmt":"2026-03-12T10:03:21","slug":"meditationskissen-baum-des-lebens-baumwolle-bio","status":"publish","type":"product","link":"https:\/\/dharmashop.de\/en\/produkt\/meditationskissen-baum-des-lebens-baumwolle-bio\/","title":{"rendered":"Meditationskissen Baum des Lebens Baumwolle BIO"},"content":{"rendered":"","protected":false},"excerpt":{"rendered":"<p class=\"western\" lang=\"en-US\">Yogi &amp; Yogini Meditationskissen aus OCS 100 zertifizierter Bio-Baumwolle, gro\u00dfz\u00fcgig gef\u00fcllt mit nat\u00fcrlichen Buchweizenschalen f\u00fcr bequemen Sitzkomfort.<\/p>\n<p class=\"western\"><span lang=\"en-US\">Die H\u00f6he des Kissens l\u00e4sst sich ganz einfach an Ihre Bed\u00fcrfnisse anpassen, indem Sie etwas F\u00fcllung entfernen oder \u2013 mit der Zeit \u2013 mehr hinzuf\u00fcgen.<\/span><\/p>\n<p><span lang=\"en-US\"><strong>\u00dcber das Produkt<\/strong><\/span><span lang=\"en-US\"><br \/>\nHergestellt aus OCS 100 zertifizierter Bio-Baumwolle*<br \/>\nAu\u00dfenbezug: Gef\u00e4rbte GOTS-zertifizierte Bio-Baumwolle, mit Rei\u00dfverschluss an der Unterseite.**<br \/>\nInnenbezug: Ungef\u00e4rbte GOTS-zertifizierte Bio-Baumwolle, mit Kordelzug.<br \/>\nF\u00fcllung: Hochwertige nat\u00fcrliche Buchweizenschalen.<\/span><\/p>\n<p><span lang=\"en-US\"><strong>Waschanleitung<\/strong><\/span><span lang=\"en-US\"><br \/>\nWir empfehlen Handw\u00e4sche in lauwarmem Wasser.<br \/>\nMaschinenw\u00e4sche bei 30 \u00b0C ist ebenfalls m\u00f6glich.<\/span><\/p>","protected":false},"featured_media":19861,"template":"","meta":[],"product_brand":[],"product_cat":[85,57],"product_tag":[],"class_list":{"0":"post-14287","1":"product","2":"type-product","3":"status-publish","4":"has-post-thumbnail","6":"product_cat-meditation","7":"product_cat-schrein-ritual-meditation","8":"sales-flash-overlay","9":"woocommerce-text-align-left","10":"woocommerce-image-align-center","11":"do-quantity-buttons","13":"first","14":"instock","15":"taxable","16":"shipping-taxable","17":"purchasable","18":"product-type-simple"},"acf":[],"_links":{"self":[{"href":"https:\/\/dharmashop.de\/en\/wp-json\/wp\/v2\/product\/14287","targetHints":{"allow":["GET"]}}],"collection":[{"href":"https:\/\/dharmashop.de\/en\/wp-json\/wp\/v2\/product"}],"about":[{"href":"https:\/\/dharmashop.de\/en\/wp-json\/wp\/v2\/types\/product"}],"wp:featuredmedia":[{"embeddable":true,"href":"https:\/\/dharmashop.de\/en\/wp-json\/wp\/v2\/media\/19861"}],"wp:attachment":[{"href":"https:\/\/dharmashop.de\/en\/wp-json\/wp\/v2\/media?parent=14287"}],"wp:term":[{"taxonomy":"product_brand","embeddable":true,"href":"https:\/\/dharmashop.de\/en\/wp-json\/wp\/v2\/product_brand?post=14287"},{"taxonomy":"product_cat","embeddable":true,"href":"https:\/\/dharmashop.de\/en\/wp-json\/wp\/v2\/product_cat?post=14287"},{"taxonomy":"product_tag","embeddable":true,"href":"https:\/\/dharmashop.de\/en\/wp-json\/wp\/v2\/product_tag?post=14287"}],"curies":[{"name":"wp","href":"https:\/\/api.w.org\/{rel}","templated":true}]}}