{"id":15090,"date":"2023-10-11T07:47:05","date_gmt":"2023-10-11T07:47:05","guid":{"rendered":"https:\/\/dharmashop.de\/?post_type=product&#038;p=15090"},"modified":"2026-03-12T10:01:19","modified_gmt":"2026-03-12T10:01:19","slug":"frei-von-selbsttaeuschung-buddhas-befreiende-lehre-von-nicht-ich","status":"publish","type":"product","link":"https:\/\/dharmashop.de\/en\/produkt\/frei-von-selbsttaeuschung-buddhas-befreiende-lehre-von-nicht-ich\/","title":{"rendered":"Frei von Selbstt\u00e4uschung Buddhas befreiende Lehre von Nicht-Ich."},"content":{"rendered":"","protected":false},"excerpt":{"rendered":"<div class=\"value\">\n<p>Buddhas befreiende Lehre des Nicht-Selbst. Es gibt keine spirituelle Praxis, wenn wir nicht die Selbstt\u00e4uschung hinter uns lassen und damit aufh\u00f6ren uns abzum\u00fchen, spirituelle Zust\u00e4nde erreichen zu wollen. Wir m\u00fcssen das aufgeben, sonst gibt es keine Spiritualit\u00e4t.<\/p>\n<\/div>\n<p>&nbsp;<\/p>\n<div class=\"value\">\n<p>Rodney Smith ist wohl am ehesten als ein buddhistischer Revolution\u00e4r zu beschreiben, der sich nicht mit formelhaften Ausdrucksweisen zufrieden gibt, sondern sich in den Kern vertieft hat. Er dankt vor allem seinen Lehrern Ajahn Buddhadassa und Nisargadatta Maharaj und anderen, die sich direkt auf den Inhalt dieses Buches ausgewirkt haben, wie Jiddu Krishnamurti, Tulku Urgyen, Adyashanti und Eckhart Tolle.<\/p>\n<\/div>","protected":false},"featured_media":19527,"template":"","meta":[],"product_brand":[],"product_cat":[65],"product_tag":[],"class_list":{"0":"post-15090","1":"product","2":"type-product","3":"status-publish","4":"has-post-thumbnail","6":"product_cat-buddhismus-allgemein","7":"sales-flash-overlay","8":"woocommerce-text-align-left","9":"woocommerce-image-align-center","10":"do-quantity-buttons","12":"first","13":"instock","14":"taxable","15":"shipping-taxable","16":"purchasable","17":"product-type-simple"},"acf":[],"_links":{"self":[{"href":"https:\/\/dharmashop.de\/en\/wp-json\/wp\/v2\/product\/15090","targetHints":{"allow":["GET"]}}],"collection":[{"href":"https:\/\/dharmashop.de\/en\/wp-json\/wp\/v2\/product"}],"about":[{"href":"https:\/\/dharmashop.de\/en\/wp-json\/wp\/v2\/types\/product"}],"wp:featuredmedia":[{"embeddable":true,"href":"https:\/\/dharmashop.de\/en\/wp-json\/wp\/v2\/media\/19527"}],"wp:attachment":[{"href":"https:\/\/dharmashop.de\/en\/wp-json\/wp\/v2\/media?parent=15090"}],"wp:term":[{"taxonomy":"product_brand","embeddable":true,"href":"https:\/\/dharmashop.de\/en\/wp-json\/wp\/v2\/product_brand?post=15090"},{"taxonomy":"product_cat","embeddable":true,"href":"https:\/\/dharmashop.de\/en\/wp-json\/wp\/v2\/product_cat?post=15090"},{"taxonomy":"product_tag","embeddable":true,"href":"https:\/\/dharmashop.de\/en\/wp-json\/wp\/v2\/product_tag?post=15090"}],"curies":[{"name":"wp","href":"https:\/\/api.w.org\/{rel}","templated":true}]}}