{"id":15182,"date":"2023-10-23T07:51:19","date_gmt":"2023-10-23T07:51:19","guid":{"rendered":"https:\/\/dharmashop.de\/?post_type=product&#038;p=15182"},"modified":"2026-03-12T10:01:04","modified_gmt":"2026-03-12T10:01:04","slug":"mit-buddha-durch-jede-krise","status":"publish","type":"product","link":"https:\/\/dharmashop.de\/en\/produkt\/mit-buddha-durch-jede-krise\/","title":{"rendered":"Mit Buddha durch jede Krise"},"content":{"rendered":"","protected":false},"excerpt":{"rendered":"<p>Buddhistische Soforthilfe in Krisenzeiten<\/p>\n<p>Eine Krise tritt oft unerwartet in unser Leben und zieht uns buchst\u00e4blich den Boden unter den F\u00fc\u00dfen weg. Ob der Verlust eines geliebten Menschen, eine Krankheit oder zerm\u00fcrbende Zukunfts\u00e4ngste &#8211; in solchen Situationen f\u00e4llt es schwer, klar zu sehen und uns zu beruhigen. Die buddhistische Lehre setzt hier an. Denn Buddha wei\u00df: Die Werkzeuge, die wir ben\u00f6tigen, um eine Krise zu bew\u00e4ltigen, sind bereits in uns angelegt.<\/p>\n<p>&nbsp;<\/p>\n<p>Mit 25 ber\u00fchrenden Fallgeschichten und dazu passenden Meditationen zeigt uns die Achtsamkeitsexpertin Kimberly Brown, wie wir diese heilsamen, in uns schlummernden Kr\u00e4fte aktivieren. Wir lernen, sch\u00e4dliche Verhaltensweisen zu ver\u00e4ndern und uns mit Geduld und Selbstmitgef\u00fchl zu begegnen. Indem wir die uns innewohnende Quelle der Kraft anzapfen, steuern wir voll Selbstvertrauen durch die Krise und gewinnen Zuversicht im Jetzt.<\/p>","protected":false},"featured_media":19503,"template":"","meta":[],"product_brand":[],"product_cat":[65,19],"product_tag":[],"class_list":{"0":"post-15182","1":"product","2":"type-product","3":"status-publish","4":"has-post-thumbnail","6":"product_cat-buddhismus-allgemein","7":"product_cat-buecher","8":"sales-flash-overlay","9":"woocommerce-text-align-left","10":"woocommerce-image-align-center","11":"do-quantity-buttons","13":"first","14":"instock","15":"taxable","16":"shipping-taxable","17":"purchasable","18":"product-type-simple"},"acf":[],"_links":{"self":[{"href":"https:\/\/dharmashop.de\/en\/wp-json\/wp\/v2\/product\/15182","targetHints":{"allow":["GET"]}}],"collection":[{"href":"https:\/\/dharmashop.de\/en\/wp-json\/wp\/v2\/product"}],"about":[{"href":"https:\/\/dharmashop.de\/en\/wp-json\/wp\/v2\/types\/product"}],"wp:featuredmedia":[{"embeddable":true,"href":"https:\/\/dharmashop.de\/en\/wp-json\/wp\/v2\/media\/19503"}],"wp:attachment":[{"href":"https:\/\/dharmashop.de\/en\/wp-json\/wp\/v2\/media?parent=15182"}],"wp:term":[{"taxonomy":"product_brand","embeddable":true,"href":"https:\/\/dharmashop.de\/en\/wp-json\/wp\/v2\/product_brand?post=15182"},{"taxonomy":"product_cat","embeddable":true,"href":"https:\/\/dharmashop.de\/en\/wp-json\/wp\/v2\/product_cat?post=15182"},{"taxonomy":"product_tag","embeddable":true,"href":"https:\/\/dharmashop.de\/en\/wp-json\/wp\/v2\/product_tag?post=15182"}],"curies":[{"name":"wp","href":"https:\/\/api.w.org\/{rel}","templated":true}]}}