{"id":15250,"date":"2023-11-10T08:18:28","date_gmt":"2023-11-10T08:18:28","guid":{"rendered":"https:\/\/dharmashop.de\/?post_type=product&#038;p=15250"},"modified":"2026-03-27T07:47:05","modified_gmt":"2026-03-27T07:47:05","slug":"die-kraft-des-herzens-ein-praxishandbuch","status":"publish","type":"product","link":"https:\/\/dharmashop.de\/en\/produkt\/die-kraft-des-herzens-ein-praxishandbuch\/","title":{"rendered":"Die Kraft des Herzens \u2013 Ein Praxishandbuch"},"content":{"rendered":"","protected":false},"excerpt":{"rendered":"<h2 class=\"gamma\">Mitgef\u00fchl und Verbundenheit\u00a0im Alltag<\/h2>\n<p>Wir alle m\u00f6chten gl\u00fccklich sein. Und die meisten Menschen wollen \u00bbgute Menschen\u00ab sein und mit ihren Mitmenschen in Harmonie zusammenleben. Aber oft gelingt uns das nicht. In diesem Buch erkl\u00e4rt Dagyab Rinpoche einige Ideen des Dalai Lama zur F\u00f6rderung unserer inneren Werte und einer neuen Ethik, entwickelt aus dem Verst\u00e4ndnis unserer gegenseitigen Abh\u00e4ngigkeit und der von unserer Umwelt. Ohne sich auf eine Religion zu st\u00fctzen, sind diese Ideen f\u00fcr alle Menschen in unserer Gesellschaft von Nutzen. Ein Praxishandbuch mit mehr als 50 Reflexionen, Meditationen sowie \u00dcbungen im Alltag, einige als angeleitete Audio-Meditation. Durch sie k\u00f6nnen wir unser Potenzial f\u00fcr Liebe und Mitgef\u00fchl und andere innere Qualit\u00e4ten zur Bl\u00fcte bringen.<\/p>","protected":false},"featured_media":20501,"template":"","meta":[],"product_brand":[],"product_cat":[65,19],"product_tag":[],"class_list":{"0":"post-15250","1":"product","2":"type-product","3":"status-publish","4":"has-post-thumbnail","6":"product_cat-buddhismus-allgemein","7":"product_cat-buecher","8":"sales-flash-overlay","9":"woocommerce-text-align-left","10":"woocommerce-image-align-center","11":"do-quantity-buttons","13":"first","14":"outofstock","15":"taxable","16":"shipping-taxable","17":"purchasable","18":"product-type-simple"},"acf":[],"_links":{"self":[{"href":"https:\/\/dharmashop.de\/en\/wp-json\/wp\/v2\/product\/15250","targetHints":{"allow":["GET"]}}],"collection":[{"href":"https:\/\/dharmashop.de\/en\/wp-json\/wp\/v2\/product"}],"about":[{"href":"https:\/\/dharmashop.de\/en\/wp-json\/wp\/v2\/types\/product"}],"wp:featuredmedia":[{"embeddable":true,"href":"https:\/\/dharmashop.de\/en\/wp-json\/wp\/v2\/media\/20501"}],"wp:attachment":[{"href":"https:\/\/dharmashop.de\/en\/wp-json\/wp\/v2\/media?parent=15250"}],"wp:term":[{"taxonomy":"product_brand","embeddable":true,"href":"https:\/\/dharmashop.de\/en\/wp-json\/wp\/v2\/product_brand?post=15250"},{"taxonomy":"product_cat","embeddable":true,"href":"https:\/\/dharmashop.de\/en\/wp-json\/wp\/v2\/product_cat?post=15250"},{"taxonomy":"product_tag","embeddable":true,"href":"https:\/\/dharmashop.de\/en\/wp-json\/wp\/v2\/product_tag?post=15250"}],"curies":[{"name":"wp","href":"https:\/\/api.w.org\/{rel}","templated":true}]}}