{"id":15480,"date":"2023-12-19T08:24:20","date_gmt":"2023-12-19T08:24:20","guid":{"rendered":"https:\/\/dharmashop.de\/?post_type=product&#038;p=15480"},"modified":"2026-03-12T10:00:26","modified_gmt":"2026-03-12T10:00:26","slug":"mandala-zauberwelten","status":"publish","type":"product","link":"https:\/\/dharmashop.de\/en\/produkt\/mandala-zauberwelten\/","title":{"rendered":"Mandala Magic Worlds"},"content":{"rendered":"","protected":false},"excerpt":{"rendered":"<p><strong>Mandala magic<\/strong>\u00a0for quiet hours! At the\u00a0<strong>Coloring<\/strong>\u00a0of the shapely,\u00a0<strong>large-format circular motifs<\/strong>\u00a0the soul becomes light, pleasant\u00a0<strong>Relaxation<\/strong>\u00a0occurs. A\u00a0<strong>A play of fantasy colors<\/strong>\u00a0inspires the\u00a0<strong>Creativity<\/strong>.\u00a0<strong>Wellness<\/strong>\u00a0<strong>pure\u00a0<\/strong>f\u00fcr alle Kinder und Erwachsenen, die gerne malen.<\/p>\n<p>Der Begriff \u201eMandala\u201c stammt aus dem Altindischen und bedeutet Kreis oder Zentrum. Um einen ruhenden Mittelpunkt herum sind Formen und Muster angeordnet. Diese Kreisbilder finden sich seit Urzeiten bei allen V\u00f6lkern rund um den Erdball. Wir begegnen ihnen t\u00e4glich: Sonne, Mond, Bl\u00fcten, Jahresringe der B\u00e4ume, Kirchenfenster \u2026 In allen Kulturen gilt der Kreis als ein Symbol f\u00fcr den Kreislauf des Lebens.<\/p>","protected":false},"featured_media":18120,"template":"","meta":[],"product_brand":[],"product_cat":[65,73,19],"product_tag":[],"class_list":{"0":"post-15480","1":"product","2":"type-product","3":"status-publish","4":"has-post-thumbnail","6":"product_cat-buddhismus-allgemein","7":"product_cat-kinderbuecher","8":"product_cat-buecher","9":"sales-flash-overlay","10":"woocommerce-text-align-left","11":"woocommerce-image-align-center","12":"do-quantity-buttons","14":"first","15":"instock","16":"taxable","17":"shipping-taxable","18":"purchasable","19":"product-type-simple"},"acf":[],"_links":{"self":[{"href":"https:\/\/dharmashop.de\/en\/wp-json\/wp\/v2\/product\/15480","targetHints":{"allow":["GET"]}}],"collection":[{"href":"https:\/\/dharmashop.de\/en\/wp-json\/wp\/v2\/product"}],"about":[{"href":"https:\/\/dharmashop.de\/en\/wp-json\/wp\/v2\/types\/product"}],"wp:featuredmedia":[{"embeddable":true,"href":"https:\/\/dharmashop.de\/en\/wp-json\/wp\/v2\/media\/18120"}],"wp:attachment":[{"href":"https:\/\/dharmashop.de\/en\/wp-json\/wp\/v2\/media?parent=15480"}],"wp:term":[{"taxonomy":"product_brand","embeddable":true,"href":"https:\/\/dharmashop.de\/en\/wp-json\/wp\/v2\/product_brand?post=15480"},{"taxonomy":"product_cat","embeddable":true,"href":"https:\/\/dharmashop.de\/en\/wp-json\/wp\/v2\/product_cat?post=15480"},{"taxonomy":"product_tag","embeddable":true,"href":"https:\/\/dharmashop.de\/en\/wp-json\/wp\/v2\/product_tag?post=15480"}],"curies":[{"name":"wp","href":"https:\/\/api.w.org\/{rel}","templated":true}]}}