{"id":15727,"date":"2024-01-11T08:38:42","date_gmt":"2024-01-11T08:38:42","guid":{"rendered":"https:\/\/dharmashop.de\/?post_type=product&#038;p=15727"},"modified":"2026-04-18T07:47:09","modified_gmt":"2026-04-18T07:47:09","slug":"buddhist-ritual-art-of-tibet","status":"publish","type":"product","link":"https:\/\/dharmashop.de\/en\/produkt\/buddhist-ritual-art-of-tibet\/","title":{"rendered":"BUDDHIST RITUAL ART OF TIBET"},"content":{"rendered":"","protected":false},"excerpt":{"rendered":"<p>Die tibetisch-buddhistische Kunst ist nicht nur reich an fig\u00fcrlichen Ikonen, sondern enth\u00e4lt eine \u00e4u\u00dferst vielf\u00e4ltige Anzahl von Symbolen und Kultgegenst\u00e4nden.\u00a0<em>Buddhist Ritual Art in Tibet<\/em>\u00a0bietet einen systematischen \u00dcberblick und dient als reich illustriertes Nachschlagewerk \u00fcber tibetische Ritualkunst, das unserem gr\u00f6\u00dferen Verst\u00e4ndnis der verschiedenen Formen sakraler Bedeutungen und zeremonieller Funktionen dient. In 18 Kapiteln sind mehrere hundert verschiedene Ritualinstrumente und Objektgruppen meist zum ersten Mal detailliert dokumentiert und h\u00e4ufig in all ihren diversen Stilen und Bilddeutungen: unter anderem Altarutensilien und Amulette, Masken und Spiegel, magische Dolche und Mandalas, Vajras und Votiftafeln, Opfergef\u00e4\u00dfe und Orakelkronen, Stupas und Geisterfallen, Ritualvasen und Textilen. Dieses lang erwartete Handbuch ist ein Muss f\u00fcr alle, die ein tiefgr\u00fcndiges Interesse an buddhistischer Kunst und Religion haben.<\/p>","protected":false},"featured_media":20757,"template":"","meta":[],"product_brand":[],"product_cat":[71],"product_tag":[],"class_list":{"0":"post-15727","1":"product","2":"type-product","3":"status-publish","4":"has-post-thumbnail","6":"product_cat-englische-buecher","7":"sales-flash-overlay","8":"woocommerce-text-align-left","9":"woocommerce-image-align-center","10":"do-quantity-buttons","12":"first","13":"instock","14":"taxable","15":"shipping-taxable","16":"purchasable","17":"product-type-simple"},"acf":[],"_links":{"self":[{"href":"https:\/\/dharmashop.de\/en\/wp-json\/wp\/v2\/product\/15727","targetHints":{"allow":["GET"]}}],"collection":[{"href":"https:\/\/dharmashop.de\/en\/wp-json\/wp\/v2\/product"}],"about":[{"href":"https:\/\/dharmashop.de\/en\/wp-json\/wp\/v2\/types\/product"}],"wp:featuredmedia":[{"embeddable":true,"href":"https:\/\/dharmashop.de\/en\/wp-json\/wp\/v2\/media\/20757"}],"wp:attachment":[{"href":"https:\/\/dharmashop.de\/en\/wp-json\/wp\/v2\/media?parent=15727"}],"wp:term":[{"taxonomy":"product_brand","embeddable":true,"href":"https:\/\/dharmashop.de\/en\/wp-json\/wp\/v2\/product_brand?post=15727"},{"taxonomy":"product_cat","embeddable":true,"href":"https:\/\/dharmashop.de\/en\/wp-json\/wp\/v2\/product_cat?post=15727"},{"taxonomy":"product_tag","embeddable":true,"href":"https:\/\/dharmashop.de\/en\/wp-json\/wp\/v2\/product_tag?post=15727"}],"curies":[{"name":"wp","href":"https:\/\/api.w.org\/{rel}","templated":true}]}}