{"id":15733,"date":"2024-01-11T08:43:56","date_gmt":"2024-01-11T08:43:56","guid":{"rendered":"https:\/\/dharmashop.de\/?post_type=product&#038;p=15733"},"modified":"2026-04-18T07:31:47","modified_gmt":"2026-04-18T07:31:47","slug":"mandala-in-search-of-enlightenment","status":"publish","type":"product","link":"https:\/\/dharmashop.de\/en\/produkt\/mandala-in-search-of-enlightenment\/","title":{"rendered":"MANDALA \u2013 IN SEARCH OF ENLIGHTENMENT"},"content":{"rendered":"","protected":false},"excerpt":{"rendered":"<ul class=\"a-unordered-list a-nostyle a-vertical a-spacing-none detail-bullet-list\">\n<li><span class=\"a-list-item\"><span class=\"a-text-bold\">Abmessungen \u200f : \u200e\u00a0<\/span>25 x 3.81 x 29.5 cm ,Das aus dem indischen Kulturraum stammende Mandala bezeichnet im urspru\u0308nglichen Sinne einen heiligen Kreis. Es dient als Meditationshilfe und spiegelt gleichzeitig eine uralte Symbolik streng geometrischer Grundformen wider, mit der eine Interpretation sakraler Inhalte einhergeht. Als Ausdruck der Erkenntnis u\u0308bergeordneter Zusammenh\u00e4nge findet sich diese auf Symmetrie angelegte Geometrie in vielf\u00e4ltigen Bildwerken und Architekturen der verschiedenen Epochen und Kulturr\u00e4ume, so beispielsweise in der mittelalterlichen Buchmalerei, im Grundriss der Blauen Moschee in Istanbul, im Schwarzen Quadrat von Kasimir Malewitsch oder in verschiedenen Objekten indigener V\u00f6lker Afrikas, Asiens, Australiens oder der Amerikas.<br \/>\nAnhand dieser und weiterer Meisterwerke aus bedeutenden Museums- und Privatsammlungen sowie durch bestechende Fotografien einzigartiger Bauwerke und Rituale bietet die Publikation\u00a0<em>Mandala \u2013 In Search of Enlightenment<\/em>\u00a0erstmals eine beeindruckende Analyse des Ph\u00e4nomens der heiligen Geometrie in Kunst und Architektur sowie der ihnen zugrunde liegenden Weltanschauungen.<\/span><\/li>\n<\/ul>","protected":false},"featured_media":20755,"template":"","meta":[],"product_brand":[],"product_cat":[71],"product_tag":[],"class_list":{"0":"post-15733","1":"product","2":"type-product","3":"status-publish","4":"has-post-thumbnail","6":"product_cat-englische-buecher","7":"sales-flash-overlay","8":"woocommerce-text-align-left","9":"woocommerce-image-align-center","10":"do-quantity-buttons","12":"first","13":"instock","14":"taxable","15":"shipping-taxable","16":"purchasable","17":"product-type-simple"},"acf":[],"_links":{"self":[{"href":"https:\/\/dharmashop.de\/en\/wp-json\/wp\/v2\/product\/15733","targetHints":{"allow":["GET"]}}],"collection":[{"href":"https:\/\/dharmashop.de\/en\/wp-json\/wp\/v2\/product"}],"about":[{"href":"https:\/\/dharmashop.de\/en\/wp-json\/wp\/v2\/types\/product"}],"wp:featuredmedia":[{"embeddable":true,"href":"https:\/\/dharmashop.de\/en\/wp-json\/wp\/v2\/media\/20755"}],"wp:attachment":[{"href":"https:\/\/dharmashop.de\/en\/wp-json\/wp\/v2\/media?parent=15733"}],"wp:term":[{"taxonomy":"product_brand","embeddable":true,"href":"https:\/\/dharmashop.de\/en\/wp-json\/wp\/v2\/product_brand?post=15733"},{"taxonomy":"product_cat","embeddable":true,"href":"https:\/\/dharmashop.de\/en\/wp-json\/wp\/v2\/product_cat?post=15733"},{"taxonomy":"product_tag","embeddable":true,"href":"https:\/\/dharmashop.de\/en\/wp-json\/wp\/v2\/product_tag?post=15733"}],"curies":[{"name":"wp","href":"https:\/\/api.w.org\/{rel}","templated":true}]}}