{"id":16075,"date":"2024-01-22T08:52:51","date_gmt":"2024-01-22T08:52:51","guid":{"rendered":"https:\/\/dharmashop.de\/?post_type=product&#038;p=16075"},"modified":"2026-04-28T07:22:23","modified_gmt":"2026-04-28T07:22:23","slug":"ein-leben-drei-welten","status":"publish","type":"product","link":"https:\/\/dharmashop.de\/en\/produkt\/ein-leben-drei-welten\/","title":{"rendered":"Ein Leben, drei Welten"},"content":{"rendered":"","protected":false},"excerpt":{"rendered":"<p>In Tibet als uneheliches Kind einer Magd geboren, aufgefunden als Wiedergeburt eines der rangh\u00f6chsten geistlichen Oberh\u00e4upter des Landes, aus der Familie gerissen und einer strengen Ausbildung unterworfen \u2013 so vollzieht sich die Kindheit Dagyab Kyabg\u00f6n Rinpoches. 1959, nach dem Einmarsch Chinas, flieht er im Gefolge des Dalai Lama nach Indien. Im Hinterzimmer einer Gastst\u00e4tte, mit dem Dalai Lama in dessen Residenz Tee trinkend, so verbringt er die ersten Jahre in seinem &#8222;zweiten Leben&#8220;. Sein &#8222;drittes Leben&#8220; findet im Westen statt. 1966 beginnt er in Deutschland seine T\u00e4tigkeit als Tibetologe an der Universit\u00e4t Bonn. Als buddhistischer Lehrer wird er weltweit wirken. In dieser Biografie erz\u00e4hlen Sabine Leuschner und Annette Kn\u00fcsel Dagyab Rinpoches au\u00dfergew\u00f6hnliches Leben. Mit bislang unver\u00f6ffentlichten historischen Fotografien.<\/p>","protected":false},"featured_media":20500,"template":"","meta":[],"product_brand":[],"product_cat":[65,19],"product_tag":[],"class_list":{"0":"post-16075","1":"product","2":"type-product","3":"status-publish","4":"has-post-thumbnail","6":"product_cat-buddhismus-allgemein","7":"product_cat-buecher","8":"sales-flash-overlay","9":"woocommerce-text-align-left","10":"woocommerce-image-align-center","11":"do-quantity-buttons","13":"first","14":"outofstock","15":"taxable","16":"shipping-taxable","17":"purchasable","18":"product-type-simple"},"acf":[],"_links":{"self":[{"href":"https:\/\/dharmashop.de\/en\/wp-json\/wp\/v2\/product\/16075","targetHints":{"allow":["GET"]}}],"collection":[{"href":"https:\/\/dharmashop.de\/en\/wp-json\/wp\/v2\/product"}],"about":[{"href":"https:\/\/dharmashop.de\/en\/wp-json\/wp\/v2\/types\/product"}],"wp:featuredmedia":[{"embeddable":true,"href":"https:\/\/dharmashop.de\/en\/wp-json\/wp\/v2\/media\/20500"}],"wp:attachment":[{"href":"https:\/\/dharmashop.de\/en\/wp-json\/wp\/v2\/media?parent=16075"}],"wp:term":[{"taxonomy":"product_brand","embeddable":true,"href":"https:\/\/dharmashop.de\/en\/wp-json\/wp\/v2\/product_brand?post=16075"},{"taxonomy":"product_cat","embeddable":true,"href":"https:\/\/dharmashop.de\/en\/wp-json\/wp\/v2\/product_cat?post=16075"},{"taxonomy":"product_tag","embeddable":true,"href":"https:\/\/dharmashop.de\/en\/wp-json\/wp\/v2\/product_tag?post=16075"}],"curies":[{"name":"wp","href":"https:\/\/api.w.org\/{rel}","templated":true}]}}