{"id":16205,"date":"2024-02-05T09:00:59","date_gmt":"2024-02-05T09:00:59","guid":{"rendered":"https:\/\/dharmashop.de\/?post_type=product&#038;p=16205"},"modified":"2026-03-12T09:58:31","modified_gmt":"2026-03-12T09:58:31","slug":"chakra-klangschale-sakralchakra","status":"publish","type":"product","link":"https:\/\/dharmashop.de\/en\/produkt\/chakra-klangschale-sakralchakra\/","title":{"rendered":"Chakra Klangschale Sakralchakra"},"content":{"rendered":"","protected":false},"excerpt":{"rendered":"<p><strong>\u00dcber das Produkt<\/strong><br \/>\nDekorative Klangschale in Chakra-Farbe und mit Chakra-Symbol. Nicht mit Chakra-Ton.<br \/>\nHergestellt aus einem Metallmix aus Messing, Bronze und Eisen.<br \/>\nMit Anstreichschl\u00e4gel\u00a0und Kissen.<br \/>\nBleifreier Lack.<\/p>\n<p>&nbsp;<\/p>\n<div class=\"spec-desc\">Gr\u00f6\u00dfe cm<\/div>\n<div class=\"spec-value\">\u00b1 7,6,<\/div>\n<p>Verpackung: Geschenkkarton, mit Informationen \u00fcber die 7 Chakren in Deutsch, Englisch, Niederl\u00e4ndisch, Italienisch, Franz\u00f6sisch und Spanisch.<\/p>","protected":false},"featured_media":20521,"template":"","meta":[],"product_brand":[],"product_cat":[87],"product_tag":[],"class_list":{"0":"post-16205","1":"product","2":"type-product","3":"status-publish","4":"has-post-thumbnail","6":"product_cat-musikinstrumente","7":"sales-flash-overlay","8":"woocommerce-text-align-left","9":"woocommerce-image-align-center","10":"do-quantity-buttons","11":"wc-has-gallery","13":"first","14":"instock","15":"taxable","16":"shipping-taxable","17":"purchasable","18":"product-type-simple"},"acf":[],"_links":{"self":[{"href":"https:\/\/dharmashop.de\/en\/wp-json\/wp\/v2\/product\/16205","targetHints":{"allow":["GET"]}}],"collection":[{"href":"https:\/\/dharmashop.de\/en\/wp-json\/wp\/v2\/product"}],"about":[{"href":"https:\/\/dharmashop.de\/en\/wp-json\/wp\/v2\/types\/product"}],"wp:featuredmedia":[{"embeddable":true,"href":"https:\/\/dharmashop.de\/en\/wp-json\/wp\/v2\/media\/20521"}],"wp:attachment":[{"href":"https:\/\/dharmashop.de\/en\/wp-json\/wp\/v2\/media?parent=16205"}],"wp:term":[{"taxonomy":"product_brand","embeddable":true,"href":"https:\/\/dharmashop.de\/en\/wp-json\/wp\/v2\/product_brand?post=16205"},{"taxonomy":"product_cat","embeddable":true,"href":"https:\/\/dharmashop.de\/en\/wp-json\/wp\/v2\/product_cat?post=16205"},{"taxonomy":"product_tag","embeddable":true,"href":"https:\/\/dharmashop.de\/en\/wp-json\/wp\/v2\/product_tag?post=16205"}],"curies":[{"name":"wp","href":"https:\/\/api.w.org\/{rel}","templated":true}]}}