{"id":16269,"date":"2024-02-13T07:55:38","date_gmt":"2024-02-13T07:55:38","guid":{"rendered":"https:\/\/dharmashop.de\/?post_type=product&#038;p=16269"},"modified":"2026-04-30T07:42:11","modified_gmt":"2026-04-30T07:42:11","slug":"buddhismus-und-quantenphysik","status":"publish","type":"product","link":"https:\/\/dharmashop.de\/en\/produkt\/buddhismus-und-quantenphysik\/","title":{"rendered":"Buddhismus und Quantenphysik"},"content":{"rendered":"","protected":false},"excerpt":{"rendered":"<div class=\"value\">\n<p>Die Philosophie des buddhistischen Gelehrten Nagarjuna kann zu einer Befreiung von extremen Wirklichkeitsbegriffen f\u00fchren, die nicht nur der indischen, sondern auch modernen Denkweisen zugrunde liegen.<\/p>\n<\/div>\n<p>&nbsp;<\/p>\n<div class=\"value\">\n<p>Christian Thomas Kohl vollf\u00fchrt den Br\u00fcckenschlag zwischen \u00f6stlicher Weisheit und westlicher Logik, der bereits mit der Quantentheorie und ihren Einsichten in das Wesen der physikalischen Wirklichkeit begonnen wurde. Eine detaillierte und gr\u00fcndliche Auseinandersetzung mit den Schriften der \u00f6stlichen und westlichen Philosophen, die die Leser ermuntert, eigene Schlussfolgerungen zu ziehen, wenn es darum geht, die sogenannte \u00bbWirklichkeit\u00ab zu erfassen.<\/p>\n<\/div>","protected":false},"featured_media":20481,"template":"","meta":[],"product_brand":[],"product_cat":[65,19],"product_tag":[],"class_list":{"0":"post-16269","1":"product","2":"type-product","3":"status-publish","4":"has-post-thumbnail","6":"product_cat-buddhismus-allgemein","7":"product_cat-buecher","8":"sales-flash-overlay","9":"woocommerce-text-align-left","10":"woocommerce-image-align-center","11":"do-quantity-buttons","13":"first","14":"instock","15":"taxable","16":"shipping-taxable","17":"purchasable","18":"product-type-simple"},"acf":[],"_links":{"self":[{"href":"https:\/\/dharmashop.de\/en\/wp-json\/wp\/v2\/product\/16269","targetHints":{"allow":["GET"]}}],"collection":[{"href":"https:\/\/dharmashop.de\/en\/wp-json\/wp\/v2\/product"}],"about":[{"href":"https:\/\/dharmashop.de\/en\/wp-json\/wp\/v2\/types\/product"}],"wp:featuredmedia":[{"embeddable":true,"href":"https:\/\/dharmashop.de\/en\/wp-json\/wp\/v2\/media\/20481"}],"wp:attachment":[{"href":"https:\/\/dharmashop.de\/en\/wp-json\/wp\/v2\/media?parent=16269"}],"wp:term":[{"taxonomy":"product_brand","embeddable":true,"href":"https:\/\/dharmashop.de\/en\/wp-json\/wp\/v2\/product_brand?post=16269"},{"taxonomy":"product_cat","embeddable":true,"href":"https:\/\/dharmashop.de\/en\/wp-json\/wp\/v2\/product_cat?post=16269"},{"taxonomy":"product_tag","embeddable":true,"href":"https:\/\/dharmashop.de\/en\/wp-json\/wp\/v2\/product_tag?post=16269"}],"curies":[{"name":"wp","href":"https:\/\/api.w.org\/{rel}","templated":true}]}}