{"id":16545,"date":"2024-03-18T08:31:43","date_gmt":"2024-03-18T08:31:43","guid":{"rendered":"https:\/\/dharmashop.de\/?post_type=product&#038;p=16545"},"modified":"2026-03-12T09:58:04","modified_gmt":"2026-03-12T09:58:04","slug":"mit-kindern-wachsen","status":"publish","type":"product","link":"https:\/\/dharmashop.de\/en\/produkt\/mit-kindern-wachsen\/","title":{"rendered":"Mit Kindern wachsen"},"content":{"rendered":"","protected":false},"excerpt":{"rendered":"<p>Nie zuvor sind die wissenschaftlichen Beweise so unwiderlegbar gewesen, dass die Schulung von Achtsamkeit ausgepr\u00e4gte positive Effekte f\u00fcr uns selbst und f\u00fcr alle haben kann, mit denen wir zusammenleben. Und nie zuvor ist es f\u00fcr Eltern wichtiger gewesen, diese Veranlagung, die wir alle haben, zu kultivieren &#8211; zu Bewusstheit und herzlicher Offenheit f\u00fcr den gegenw\u00e4rtigen Moment und letztendlich zu gr\u00f6\u00dferer Weisheit, wie man ein erf\u00fclltes und sinnvolles Leben f\u00fchren kann.<\/p>\n<p>Die behandelten Themen sind vielf\u00e4ltig und reichen von grunds\u00e4tzlichen \u00dcberlegungen bis hin zu vielen praktischen Beispielen und konkreten Hinweisen f\u00fcr ein harmonisches Leben mit Kindern. Ein wertvoller Ratgeber f\u00fcr alle, die in ihrem Elterndasein neue Wege gehen m\u00f6chten.<\/p>","protected":false},"featured_media":20397,"template":"","meta":[],"product_brand":[],"product_cat":[65,19],"product_tag":[],"class_list":{"0":"post-16545","1":"product","2":"type-product","3":"status-publish","4":"has-post-thumbnail","6":"product_cat-buddhismus-allgemein","7":"product_cat-buecher","8":"sales-flash-overlay","9":"woocommerce-text-align-left","10":"woocommerce-image-align-center","11":"do-quantity-buttons","13":"first","14":"instock","15":"taxable","16":"shipping-taxable","17":"purchasable","18":"product-type-simple"},"acf":[],"_links":{"self":[{"href":"https:\/\/dharmashop.de\/en\/wp-json\/wp\/v2\/product\/16545","targetHints":{"allow":["GET"]}}],"collection":[{"href":"https:\/\/dharmashop.de\/en\/wp-json\/wp\/v2\/product"}],"about":[{"href":"https:\/\/dharmashop.de\/en\/wp-json\/wp\/v2\/types\/product"}],"wp:featuredmedia":[{"embeddable":true,"href":"https:\/\/dharmashop.de\/en\/wp-json\/wp\/v2\/media\/20397"}],"wp:attachment":[{"href":"https:\/\/dharmashop.de\/en\/wp-json\/wp\/v2\/media?parent=16545"}],"wp:term":[{"taxonomy":"product_brand","embeddable":true,"href":"https:\/\/dharmashop.de\/en\/wp-json\/wp\/v2\/product_brand?post=16545"},{"taxonomy":"product_cat","embeddable":true,"href":"https:\/\/dharmashop.de\/en\/wp-json\/wp\/v2\/product_cat?post=16545"},{"taxonomy":"product_tag","embeddable":true,"href":"https:\/\/dharmashop.de\/en\/wp-json\/wp\/v2\/product_tag?post=16545"}],"curies":[{"name":"wp","href":"https:\/\/api.w.org\/{rel}","templated":true}]}}