{"id":16598,"date":"2024-03-22T07:50:16","date_gmt":"2024-03-22T07:50:16","guid":{"rendered":"https:\/\/dharmashop.de\/?post_type=product&#038;p=16598"},"modified":"2026-03-12T09:57:50","modified_gmt":"2026-03-12T09:57:50","slug":"das-einmaleins-der-besten-jahre","status":"publish","type":"product","link":"https:\/\/dharmashop.de\/en\/produkt\/das-einmaleins-der-besten-jahre\/","title":{"rendered":"Das Einmaleins der besten Jahre"},"content":{"rendered":"","protected":false},"excerpt":{"rendered":"<h2 class=\"gamma\">Das Beste kommt noch!<\/h2>\n<p>Ewige Jugend gilt als Norm und wird mit Anti-Aging-Kampagnen vermarktet, die mit Fitnessger\u00e4ten, Di\u00e4ten, Verj\u00fcngungskuren oder Tipps von der Altersforschung aufwarten. Falls das nichts n\u00fctzt, m\u00fcssen Lifting oder Haartransplantationen ran. Doch kann uns das wirklich das Altern genie\u00dfen lassen? Die Psychologin Jessica Wilker meint: Gerade in einer Gesellschaft, in der eine vermeintlich ewige Jugend Altern ausklammern will, ist es wichtig, das Alter zu w\u00fcrdigen und es zu feiern. Und sie zeigt, wie wir durch die Akzeptanz des eigenen Alterns einen neuen Blick auf das Leben und eine Gelassenheit gewinnen k\u00f6nnen, die uns nur das Alter bietet. Ein Buch wie eine Schatzkiste voller Gl\u00fcck.<\/p>","protected":false},"featured_media":20517,"template":"","meta":[],"product_brand":[],"product_cat":[65,19],"product_tag":[],"class_list":{"0":"post-16598","1":"product","2":"type-product","3":"status-publish","4":"has-post-thumbnail","6":"product_cat-buddhismus-allgemein","7":"product_cat-buecher","8":"sales-flash-overlay","9":"woocommerce-text-align-left","10":"woocommerce-image-align-center","11":"do-quantity-buttons","13":"first","14":"instock","15":"taxable","16":"shipping-taxable","17":"purchasable","18":"product-type-simple"},"acf":[],"_links":{"self":[{"href":"https:\/\/dharmashop.de\/en\/wp-json\/wp\/v2\/product\/16598","targetHints":{"allow":["GET"]}}],"collection":[{"href":"https:\/\/dharmashop.de\/en\/wp-json\/wp\/v2\/product"}],"about":[{"href":"https:\/\/dharmashop.de\/en\/wp-json\/wp\/v2\/types\/product"}],"wp:featuredmedia":[{"embeddable":true,"href":"https:\/\/dharmashop.de\/en\/wp-json\/wp\/v2\/media\/20517"}],"wp:attachment":[{"href":"https:\/\/dharmashop.de\/en\/wp-json\/wp\/v2\/media?parent=16598"}],"wp:term":[{"taxonomy":"product_brand","embeddable":true,"href":"https:\/\/dharmashop.de\/en\/wp-json\/wp\/v2\/product_brand?post=16598"},{"taxonomy":"product_cat","embeddable":true,"href":"https:\/\/dharmashop.de\/en\/wp-json\/wp\/v2\/product_cat?post=16598"},{"taxonomy":"product_tag","embeddable":true,"href":"https:\/\/dharmashop.de\/en\/wp-json\/wp\/v2\/product_tag?post=16598"}],"curies":[{"name":"wp","href":"https:\/\/api.w.org\/{rel}","templated":true}]}}