{"id":16609,"date":"2024-03-22T08:22:25","date_gmt":"2024-03-22T08:22:25","guid":{"rendered":"https:\/\/dharmashop.de\/?post_type=product&#038;p=16609"},"modified":"2026-05-02T12:20:59","modified_gmt":"2026-05-02T12:20:59","slug":"der-millionaer-und-der-moench-die-reise-geht-weiter","status":"publish","type":"product","link":"https:\/\/dharmashop.de\/en\/produkt\/der-millionaer-und-der-moench-die-reise-geht-weiter\/","title":{"rendered":"Der Million\u00e4r und der M\u00f6nch &#8211; Die Reise geht weiter"},"content":{"rendered":"","protected":false},"excerpt":{"rendered":"<div class=\"prh-heading-h3 prh-font-shift prh-mb-5 md:prh-mb-6\">Eine authentische und inspirierende Erz\u00e4hlung \u00fcber wahren Erfolg und Erf\u00fcllung im Leben<\/div>\n<div class=\"prh-font-fort prh-mb-8 md:prh-mb-10 prh-transition-all prh-ease-in-out prh-duration-300\">\n<div class=\"prh-line-clamp-none prh-font-lg prh-leading-relaxed prh-mb-2.5\" data-detail-text=\"\">\n<p>Julian Hermsens Bestseller \u00bbDer Million\u00e4r und der M\u00f6nch\u00ab hat bereits sehr viele Menschen inspiriert und tief bewegt. Nun erfahren wir endlich, wie es mit den Protagonisten weitergeht. Dabei muss man nicht das erste Buch gelesen haben, um sich von der spannenden Handlung begeistern zu lassen, die auf wahren Begebenheiten beruht.<\/p>\n<p>Auch die beliebten Weisheitsgeschichten des M\u00f6nchs, die auf unterhaltsame und tiefsinnige Weise die gro\u00dfen Fragen des Lebens rund um moralisches Handeln und das Finden von Gl\u00fcck und Sinnerf\u00fcllung thematisieren, d\u00fcrfen nicht fehlen.<\/p>\n<p>\u2022 Kann der Million\u00e4r die Unterweisungen des M\u00f6nchs nutzen, um sein Unternehmen weise und nachhaltig zu f\u00fchren?<br \/>\n\u2022 Lassen sich wirtschaftlicher Erfolg und Menschlichkeit miteinander vereinen?<br \/>\n\u2022 Und f\u00fcr welche der beiden Welten entscheidet sich der Million\u00e4r am Ende: f\u00fcr den westlichen Komfort oder das buddhistische Kloster in Thailand?<\/p>\n<\/div>\n<\/div>","protected":false},"featured_media":20811,"template":"","meta":[],"product_brand":[],"product_cat":[65,19],"product_tag":[],"class_list":{"0":"post-16609","1":"product","2":"type-product","3":"status-publish","4":"has-post-thumbnail","6":"product_cat-buddhismus-allgemein","7":"product_cat-buecher","8":"sales-flash-overlay","9":"woocommerce-text-align-left","10":"woocommerce-image-align-center","11":"do-quantity-buttons","13":"first","14":"instock","15":"taxable","16":"shipping-taxable","17":"purchasable","18":"product-type-simple"},"acf":[],"_links":{"self":[{"href":"https:\/\/dharmashop.de\/en\/wp-json\/wp\/v2\/product\/16609","targetHints":{"allow":["GET"]}}],"collection":[{"href":"https:\/\/dharmashop.de\/en\/wp-json\/wp\/v2\/product"}],"about":[{"href":"https:\/\/dharmashop.de\/en\/wp-json\/wp\/v2\/types\/product"}],"wp:featuredmedia":[{"embeddable":true,"href":"https:\/\/dharmashop.de\/en\/wp-json\/wp\/v2\/media\/20811"}],"wp:attachment":[{"href":"https:\/\/dharmashop.de\/en\/wp-json\/wp\/v2\/media?parent=16609"}],"wp:term":[{"taxonomy":"product_brand","embeddable":true,"href":"https:\/\/dharmashop.de\/en\/wp-json\/wp\/v2\/product_brand?post=16609"},{"taxonomy":"product_cat","embeddable":true,"href":"https:\/\/dharmashop.de\/en\/wp-json\/wp\/v2\/product_cat?post=16609"},{"taxonomy":"product_tag","embeddable":true,"href":"https:\/\/dharmashop.de\/en\/wp-json\/wp\/v2\/product_tag?post=16609"}],"curies":[{"name":"wp","href":"https:\/\/api.w.org\/{rel}","templated":true}]}}