{"id":16618,"date":"2024-03-25T08:14:01","date_gmt":"2024-03-25T08:14:01","guid":{"rendered":"https:\/\/dharmashop.de\/?post_type=product&#038;p=16618"},"modified":"2026-03-12T09:57:43","modified_gmt":"2026-03-12T09:57:43","slug":"der-kleine-buddha-und-der-sinn-des-lebens","status":"publish","type":"product","link":"https:\/\/dharmashop.de\/en\/produkt\/der-kleine-buddha-und-der-sinn-des-lebens\/","title":{"rendered":"Der kleine Buddha und der Sinn des Lebens"},"content":{"rendered":"","protected":false},"excerpt":{"rendered":"<div class=\"product-description\">\n<h2 class=\"gamma\">Neue Inspirationen vom beliebten kleinen Buddha<\/h2>\n<p>Der kleine, sympathische Buddha macht sich erneut auf, die tiefen Fragen unseres Daseins zu ergr\u00fcnden. Im neuen Band der erfolgreichen Reihe sucht er Antworten auf die Frage, die uns alle bewegt: Was ist der Sinn des Lebens? Erneut gelingt es dem Autor Klaus Mikosch, in einfachen Worten spirituelle und philosophische Inspirationen zu bieten und den Leser zu mehr Achtsamkeit und Dankbarkeit einzuladen. Denn gemeinsam mit dem staunenden kleinen Buddha auf seiner Suche nach Weisheit lernen wir, dass der Sinn des Leben darin liegt, es mit all seinen Facetten anzunehmen, im Moment zu sein und mit offenem Herzen zu wachsen. Alle, die den kleinen Buddha ins Herz geschlossen haben, werden auch diesen Band lieben!<\/p>\n<\/div>\n<div class=\"product-authors\">\n<h2 class=\"gamma product-authors__author-portrait-headline\">Autor Claus Mikosch wurde Mitte der siebziger Jahre in M\u00f6nchengladbach geboren. Nach dem Abitur ist er mit gro\u00dfer Leidenschaft durch die Welt gereist, bevor er \u00fcber Indien und England in Andalusien gelandet ist. Heute pendelt er als Autor und Filmemacher zwischen Deutschland und Spanien. Mit seinen B\u00fcchern \u00fcber den sympathischen kleinen Buddha ist ihm ein au\u00dfergew\u00f6hnlicher Erfolg gelungen.<\/h2>\n<\/div>","protected":false},"featured_media":20520,"template":"","meta":[],"product_brand":[],"product_cat":[65,19],"product_tag":[],"class_list":{"0":"post-16618","1":"product","2":"type-product","3":"status-publish","4":"has-post-thumbnail","6":"product_cat-buddhismus-allgemein","7":"product_cat-buecher","8":"sales-flash-overlay","9":"woocommerce-text-align-left","10":"woocommerce-image-align-center","11":"do-quantity-buttons","13":"first","14":"instock","15":"taxable","16":"shipping-taxable","17":"purchasable","18":"product-type-simple"},"acf":[],"_links":{"self":[{"href":"https:\/\/dharmashop.de\/en\/wp-json\/wp\/v2\/product\/16618","targetHints":{"allow":["GET"]}}],"collection":[{"href":"https:\/\/dharmashop.de\/en\/wp-json\/wp\/v2\/product"}],"about":[{"href":"https:\/\/dharmashop.de\/en\/wp-json\/wp\/v2\/types\/product"}],"wp:featuredmedia":[{"embeddable":true,"href":"https:\/\/dharmashop.de\/en\/wp-json\/wp\/v2\/media\/20520"}],"wp:attachment":[{"href":"https:\/\/dharmashop.de\/en\/wp-json\/wp\/v2\/media?parent=16618"}],"wp:term":[{"taxonomy":"product_brand","embeddable":true,"href":"https:\/\/dharmashop.de\/en\/wp-json\/wp\/v2\/product_brand?post=16618"},{"taxonomy":"product_cat","embeddable":true,"href":"https:\/\/dharmashop.de\/en\/wp-json\/wp\/v2\/product_cat?post=16618"},{"taxonomy":"product_tag","embeddable":true,"href":"https:\/\/dharmashop.de\/en\/wp-json\/wp\/v2\/product_tag?post=16618"}],"curies":[{"name":"wp","href":"https:\/\/api.w.org\/{rel}","templated":true}]}}