{"id":16988,"date":"2024-05-15T07:48:11","date_gmt":"2024-05-15T07:48:11","guid":{"rendered":"https:\/\/dharmashop.de\/?post_type=product&#038;p=16988"},"modified":"2026-03-12T09:56:22","modified_gmt":"2026-03-12T09:56:22","slug":"dzogchen-der-urspruengliche-zustand","status":"publish","type":"product","link":"https:\/\/dharmashop.de\/en\/produkt\/dzogchen-der-urspruengliche-zustand\/","title":{"rendered":"Dzogchen Der urspr\u00fcngliche Zustand"},"content":{"rendered":"","protected":false},"excerpt":{"rendered":"<div class=\"value\">\n<p>CH\u00d6GYAL NAMKHAI NORBU zeigt im vorliegenden Buch, dass unser nat\u00fcrlicher Zustand von Anbeginn an aus sich selbst heraus vollkommen ist. Wir m\u00fcssen nur wieder erwachen und dann in unserer wahren Natur verbleiben.<\/p>\n<\/div>\n<p>&nbsp;<\/p>\n<div class=\"value\">\n<p>Durch Verstehen und \u00dcbung k\u00f6nnen wir das m\u00fchelose Wissen um den aus sich selbst vollkommenen Zustand wiederentdecken, welcher jenseits unseres gewohnheitsm\u00e4\u00dfigen Leids und unserer Verwirrung liegt. So gelangen wir in den ununterbrochenen Fluss der Kontemplation, v\u00f6llig entspannt, jedoch vollends bewusst in all unseren Aktivit\u00e4ten. Rinpoche erl\u00e4utert zuerst klar die Lehren der \u00bbGro\u00dfen Vollkommenheit\u00ab Dzogchen und enth\u00fcllt dann auf einfache und klare Weise, was Praxis gem\u00e4\u00df des Dzogchen bedeutet.<\/p>\n<\/div>","protected":false},"featured_media":20479,"template":"","meta":[],"product_brand":[],"product_cat":[65,19],"product_tag":[],"class_list":{"0":"post-16988","1":"product","2":"type-product","3":"status-publish","4":"has-post-thumbnail","6":"product_cat-buddhismus-allgemein","7":"product_cat-buecher","8":"sales-flash-overlay","9":"woocommerce-text-align-left","10":"woocommerce-image-align-center","11":"do-quantity-buttons","13":"first","14":"instock","15":"taxable","16":"shipping-taxable","17":"purchasable","18":"product-type-simple"},"acf":[],"_links":{"self":[{"href":"https:\/\/dharmashop.de\/en\/wp-json\/wp\/v2\/product\/16988","targetHints":{"allow":["GET"]}}],"collection":[{"href":"https:\/\/dharmashop.de\/en\/wp-json\/wp\/v2\/product"}],"about":[{"href":"https:\/\/dharmashop.de\/en\/wp-json\/wp\/v2\/types\/product"}],"wp:featuredmedia":[{"embeddable":true,"href":"https:\/\/dharmashop.de\/en\/wp-json\/wp\/v2\/media\/20479"}],"wp:attachment":[{"href":"https:\/\/dharmashop.de\/en\/wp-json\/wp\/v2\/media?parent=16988"}],"wp:term":[{"taxonomy":"product_brand","embeddable":true,"href":"https:\/\/dharmashop.de\/en\/wp-json\/wp\/v2\/product_brand?post=16988"},{"taxonomy":"product_cat","embeddable":true,"href":"https:\/\/dharmashop.de\/en\/wp-json\/wp\/v2\/product_cat?post=16988"},{"taxonomy":"product_tag","embeddable":true,"href":"https:\/\/dharmashop.de\/en\/wp-json\/wp\/v2\/product_tag?post=16988"}],"curies":[{"name":"wp","href":"https:\/\/api.w.org\/{rel}","templated":true}]}}