{"id":17058,"date":"2024-05-22T08:05:50","date_gmt":"2024-05-22T08:05:50","guid":{"rendered":"https:\/\/dharmashop.de\/?post_type=product&#038;p=17058"},"modified":"2026-03-12T09:56:08","modified_gmt":"2026-03-12T09:56:08","slug":"baum-des-lebens-orgonit-kugel-kristallquarz","status":"publish","type":"product","link":"https:\/\/dharmashop.de\/en\/produkt\/baum-des-lebens-orgonit-kugel-kristallquarz\/","title":{"rendered":"Tree of life orgonite sphere, amethyst"},"content":{"rendered":"","protected":false},"excerpt":{"rendered":"<p>Orgonit ist eine gegossene Mischung aus Harz, Metall und Mineralien, von der angenommen wird, dass sie Umgebungsenergien ausgleicht, indem gest\u00f6rte elektromagnetische Felder in einen stabileren Fluss von \u201eOrgon\u201c (Lebensenergie, Chi oder Prana) umgewandelt werden. Orgonit wird h\u00e4ufig in Wohn- oder Arbeitsr\u00e4umen als dezente Unterst\u00fctzung f\u00fcr Entspannung und Wohlbefinden platziert.<\/p>\n<p>In dieser Orgonitkugel sind kleine St\u00fccke aus dem Goldenen Dreieck enthalten: Rosenquarz, Amethyst und Bergkristall, eingebettet in die Harzmatrix. In der Kristalltherapie werden diese drei Mineralien h\u00e4ufig gemeinsam verwendet, da sie sich in ihrer Wirkung erg\u00e4nzen. Rosenquarz wird mit Sanftheit und emotionaler Offenheit assoziiert, Amethyst mit Klarheit und Einsicht und Bergkristall mit Ausgleich und Verst\u00e4rkung von Intentionen.<\/p>\n<p>Das Symbol der Blume des Lebens ist in das Design integriert. Dieses geometrische Motiv steht f\u00fcr Harmonie, Struktur und die Verbundenheit allen Lebens.<\/p>\n<div class=\"spec-desc\">Gr\u00f6\u00dfe cm<\/div>\n<div class=\"spec-value\">5.5<\/div>","protected":false},"featured_media":20623,"template":"","meta":[],"product_brand":[],"product_cat":[239],"product_tag":[],"class_list":{"0":"post-17058","1":"product","2":"type-product","3":"status-publish","4":"has-post-thumbnail","6":"product_cat-geschenkartikel","7":"sales-flash-overlay","8":"woocommerce-text-align-left","9":"woocommerce-image-align-center","10":"do-quantity-buttons","12":"first","13":"instock","14":"taxable","15":"shipping-taxable","16":"purchasable","17":"product-type-simple"},"acf":[],"_links":{"self":[{"href":"https:\/\/dharmashop.de\/en\/wp-json\/wp\/v2\/product\/17058","targetHints":{"allow":["GET"]}}],"collection":[{"href":"https:\/\/dharmashop.de\/en\/wp-json\/wp\/v2\/product"}],"about":[{"href":"https:\/\/dharmashop.de\/en\/wp-json\/wp\/v2\/types\/product"}],"wp:featuredmedia":[{"embeddable":true,"href":"https:\/\/dharmashop.de\/en\/wp-json\/wp\/v2\/media\/20623"}],"wp:attachment":[{"href":"https:\/\/dharmashop.de\/en\/wp-json\/wp\/v2\/media?parent=17058"}],"wp:term":[{"taxonomy":"product_brand","embeddable":true,"href":"https:\/\/dharmashop.de\/en\/wp-json\/wp\/v2\/product_brand?post=17058"},{"taxonomy":"product_cat","embeddable":true,"href":"https:\/\/dharmashop.de\/en\/wp-json\/wp\/v2\/product_cat?post=17058"},{"taxonomy":"product_tag","embeddable":true,"href":"https:\/\/dharmashop.de\/en\/wp-json\/wp\/v2\/product_tag?post=17058"}],"curies":[{"name":"wp","href":"https:\/\/api.w.org\/{rel}","templated":true}]}}