{"id":17570,"date":"2024-06-04T07:19:37","date_gmt":"2024-06-04T07:19:37","guid":{"rendered":"https:\/\/dharmashop.de\/?post_type=product&#038;p=17570"},"modified":"2026-04-02T07:37:25","modified_gmt":"2026-04-02T07:37:25","slug":"mala-amethyst-108-perlen-8mm","status":"publish","type":"product","link":"https:\/\/dharmashop.de\/en\/produkt\/mala-amethyst-108-perlen-8mm\/","title":{"rendered":"Mala Amethyst, 108 Perlen (8mm)"},"content":{"rendered":"","protected":false},"excerpt":{"rendered":"<p>Der\u00a0Amethyst ist ein lila-farbener Quarzkristall. Die Farben variieren von hell-lavendel bis zu tief-violett. Amethystkristalle besitzen spirituelle Qualit\u00e4ten und k\u00f6nnen verwendet werden, um das Bewusstseinsniveau zu erh\u00f6hen. Sie bilden eine Br\u00fccke zwischen irdischen und \u00e4therischen Welten und schaffen eine \u00d6ffnung f\u00fcr spirituelles Bewusstsein.<br \/>\nDiese Perlenkette wird haupts\u00e4chlich beim Rezitieren und Singen von Mantras verwendet.\u00a0 Die Perlen, bestehend aus Halbedelsteinen, echten Perlen, Bodhisamen oder Holz eignen sich f\u00fcr viele Zwecke: z.B. f\u00fcr das Z\u00e4hlen aller Arten von Mantras oder von anderen Gebeten, von Verbeugungen, Rundg\u00e4ngen und dergleichen. Die Schnur ist f\u00fcr alle Sorten Malas gleich und sollte aus neun F\u00e4den bestehen, die den Buddha Vajradhara und die acht Bodhisattvas symbolisieren. Die gro\u00dfe Perle am Ende symbolisiert die Weisheit dar, die die vollst\u00e4ndige Leere realisiert und die zylindrische Perle dar\u00fcber symbolisiert die Leere selbst. Zusammen symbolisieren sie, dass alle Hindernisse \u00fcberwunden sind.<\/p>","protected":false},"featured_media":20430,"template":"","meta":[],"product_brand":[],"product_cat":[263],"product_tag":[],"class_list":{"0":"post-17570","1":"product","2":"type-product","3":"status-publish","4":"has-post-thumbnail","6":"product_cat-malas-auf-108-perlen","7":"sales-flash-overlay","8":"woocommerce-text-align-left","9":"woocommerce-image-align-center","10":"do-quantity-buttons","12":"first","13":"outofstock","14":"taxable","15":"shipping-taxable","16":"purchasable","17":"product-type-simple"},"acf":[],"_links":{"self":[{"href":"https:\/\/dharmashop.de\/en\/wp-json\/wp\/v2\/product\/17570","targetHints":{"allow":["GET"]}}],"collection":[{"href":"https:\/\/dharmashop.de\/en\/wp-json\/wp\/v2\/product"}],"about":[{"href":"https:\/\/dharmashop.de\/en\/wp-json\/wp\/v2\/types\/product"}],"wp:featuredmedia":[{"embeddable":true,"href":"https:\/\/dharmashop.de\/en\/wp-json\/wp\/v2\/media\/20430"}],"wp:attachment":[{"href":"https:\/\/dharmashop.de\/en\/wp-json\/wp\/v2\/media?parent=17570"}],"wp:term":[{"taxonomy":"product_brand","embeddable":true,"href":"https:\/\/dharmashop.de\/en\/wp-json\/wp\/v2\/product_brand?post=17570"},{"taxonomy":"product_cat","embeddable":true,"href":"https:\/\/dharmashop.de\/en\/wp-json\/wp\/v2\/product_cat?post=17570"},{"taxonomy":"product_tag","embeddable":true,"href":"https:\/\/dharmashop.de\/en\/wp-json\/wp\/v2\/product_tag?post=17570"}],"curies":[{"name":"wp","href":"https:\/\/api.w.org\/{rel}","templated":true}]}}