{"id":17671,"date":"2024-06-12T08:00:41","date_gmt":"2024-06-12T08:00:41","guid":{"rendered":"https:\/\/dharmashop.de\/?post_type=product&#038;p=17671"},"modified":"2026-03-17T20:08:22","modified_gmt":"2026-03-17T20:08:22","slug":"meditationsschal-orange","status":"publish","type":"product","link":"https:\/\/dharmashop.de\/en\/produkt\/meditationsschal-orange\/","title":{"rendered":"Meditationsschal"},"content":{"rendered":"","protected":false},"excerpt":{"rendered":"<p>Extra gro\u00dfe Meditationsdecke.<\/p>\n<p>Ein Meditationsschal oder eine Meditationsdecke vermitteln ein Gef\u00fchl der Behaglichkeit und verst\u00e4rken die innere Konzentration, denn die Decke symbolisiert die vor\u00fcbergehende Isolierung von der Au\u00dfenwelt w\u00e4hrend der Meditation.<br \/>\nAu\u00dferdem bietet sie eine gute Isolierung gegen Zugluft oder K\u00e4lte, die vom Boden aufsteigt.<br \/>\nEin Muss f\u00fcr jeden Meditierenden, ob Fortgeschrittener oder Anf\u00e4nger.<\/p>\n<p><strong>\u00dcber das Produkt<\/strong><br \/>\n70% Acryl<br \/>\n30% Baumwolle,<\/p>\n<div class=\"spec-desc\">Gr\u00f6\u00dfe cm<\/div>\n<div class=\"spec-value\">120 x 240, Hergestellt in Nepal<\/div>","protected":false},"featured_media":20621,"template":"","meta":[],"product_brand":[],"product_cat":[99],"product_tag":[],"class_list":{"0":"post-17671","1":"product","2":"type-product","3":"status-publish","4":"has-post-thumbnail","6":"product_cat-kleidung","7":"sales-flash-overlay","8":"woocommerce-text-align-left","9":"woocommerce-image-align-center","10":"do-quantity-buttons","12":"first","13":"instock","14":"taxable","15":"shipping-taxable","16":"purchasable","17":"product-type-simple"},"acf":[],"_links":{"self":[{"href":"https:\/\/dharmashop.de\/en\/wp-json\/wp\/v2\/product\/17671","targetHints":{"allow":["GET"]}}],"collection":[{"href":"https:\/\/dharmashop.de\/en\/wp-json\/wp\/v2\/product"}],"about":[{"href":"https:\/\/dharmashop.de\/en\/wp-json\/wp\/v2\/types\/product"}],"wp:featuredmedia":[{"embeddable":true,"href":"https:\/\/dharmashop.de\/en\/wp-json\/wp\/v2\/media\/20621"}],"wp:attachment":[{"href":"https:\/\/dharmashop.de\/en\/wp-json\/wp\/v2\/media?parent=17671"}],"wp:term":[{"taxonomy":"product_brand","embeddable":true,"href":"https:\/\/dharmashop.de\/en\/wp-json\/wp\/v2\/product_brand?post=17671"},{"taxonomy":"product_cat","embeddable":true,"href":"https:\/\/dharmashop.de\/en\/wp-json\/wp\/v2\/product_cat?post=17671"},{"taxonomy":"product_tag","embeddable":true,"href":"https:\/\/dharmashop.de\/en\/wp-json\/wp\/v2\/product_tag?post=17671"}],"curies":[{"name":"wp","href":"https:\/\/api.w.org\/{rel}","templated":true}]}}