{"id":17744,"date":"2024-06-20T07:39:30","date_gmt":"2024-06-20T07:39:30","guid":{"rendered":"https:\/\/dharmashop.de\/?post_type=product&#038;p=17744"},"modified":"2026-04-28T07:34:30","modified_gmt":"2026-04-28T07:34:30","slug":"gebetsfahnen-xxl-eine-rolle-mit-10-fahnen","status":"publish","type":"product","link":"https:\/\/dharmashop.de\/en\/produkt\/gebetsfahnen-xxl-eine-rolle-mit-10-fahnen\/","title":{"rendered":"Gebetsfahnen XXL eine Rolle mit 10 Fahnen"},"content":{"rendered":"","protected":false},"excerpt":{"rendered":"<p>These prayer flags are printed with mantras in Tibetan script.<br \/>\n10 bunte Fahnen sind auf einer Schnurr aufgereit, mit einer L\u00e4nge von ca.3m je Rolle.<br \/>\nDie Gr\u00f6\u00dfe der einzelnen Fahnen betr\u00e4gt ca. 27cm x 27cm. Baumwolle. Herstellungsland: Nepal<\/p>","protected":false},"featured_media":20652,"template":"","meta":[],"product_brand":[],"product_cat":[266],"product_tag":[],"class_list":{"0":"post-17744","1":"product","2":"type-product","3":"status-publish","4":"has-post-thumbnail","6":"product_cat-gebetsfahnen","7":"sales-flash-overlay","8":"woocommerce-text-align-left","9":"woocommerce-image-align-center","10":"do-quantity-buttons","12":"first","13":"instock","14":"taxable","15":"shipping-taxable","16":"purchasable","17":"product-type-simple"},"acf":[],"_links":{"self":[{"href":"https:\/\/dharmashop.de\/en\/wp-json\/wp\/v2\/product\/17744","targetHints":{"allow":["GET"]}}],"collection":[{"href":"https:\/\/dharmashop.de\/en\/wp-json\/wp\/v2\/product"}],"about":[{"href":"https:\/\/dharmashop.de\/en\/wp-json\/wp\/v2\/types\/product"}],"wp:featuredmedia":[{"embeddable":true,"href":"https:\/\/dharmashop.de\/en\/wp-json\/wp\/v2\/media\/20652"}],"wp:attachment":[{"href":"https:\/\/dharmashop.de\/en\/wp-json\/wp\/v2\/media?parent=17744"}],"wp:term":[{"taxonomy":"product_brand","embeddable":true,"href":"https:\/\/dharmashop.de\/en\/wp-json\/wp\/v2\/product_brand?post=17744"},{"taxonomy":"product_cat","embeddable":true,"href":"https:\/\/dharmashop.de\/en\/wp-json\/wp\/v2\/product_cat?post=17744"},{"taxonomy":"product_tag","embeddable":true,"href":"https:\/\/dharmashop.de\/en\/wp-json\/wp\/v2\/product_tag?post=17744"}],"curies":[{"name":"wp","href":"https:\/\/api.w.org\/{rel}","templated":true}]}}