{"id":17761,"date":"2024-06-24T07:55:29","date_gmt":"2024-06-24T07:55:29","guid":{"rendered":"https:\/\/dharmashop.de\/?post_type=product&#038;p=17761"},"modified":"2026-03-12T09:54:30","modified_gmt":"2026-03-12T09:54:30","slug":"stille-meine-buddhistische-kur-fuer-ein-leichteres-leben","status":"publish","type":"product","link":"https:\/\/dharmashop.de\/en\/produkt\/stille-meine-buddhistische-kur-fuer-ein-leichteres-leben\/","title":{"rendered":"Stille Meine buddhistische Kur f\u00fcr ein leichteres Leben."},"content":{"rendered":"","protected":false},"excerpt":{"rendered":"<p>Stille ist die beste Medizin.<\/p>\n<p>Stille &#8211; allein das Wort l\u00f6st Sehns\u00fcchte aus. Wir halten inne, die Sinne werden wach und wir k\u00f6nnen die zauberhaften kleinen Momente des Alltags wieder genie\u00dfen. Kankyo Tannier ist eine franz\u00f6sische Zen-Nonne &#8211; jung, lebendig, authentisch. Ohne Zwang und Dogma erz\u00e4hlt sie leichtf\u00fc\u00dfig und charmant, wie die Stille ihren Alltag erst lebenswert macht. Sei es, wenn sie die wortlose Sprache ihres Pferdes Efstur studiert. Oder sei es in der therapeutischen Arbeit mit Menschen, in der sie immer wieder erf\u00e4hrt, dass Stille eine gro\u00dfe Heilkraft besitzt. Wie nebenbei gibt sie uns dabei viele kleine Tricks an die Hand, wie wir die Stille in unser Leben einladen k\u00f6nnen. Mit 21-Tage-Stille-Kur, um heilsame Einfachheit und tiefe Freude zu erfahren.<\/p>","protected":false},"featured_media":19502,"template":"","meta":[],"product_brand":[],"product_cat":[65,19],"product_tag":[],"class_list":{"0":"post-17761","1":"product","2":"type-product","3":"status-publish","4":"has-post-thumbnail","6":"product_cat-buddhismus-allgemein","7":"product_cat-buecher","8":"sales-flash-overlay","9":"woocommerce-text-align-left","10":"woocommerce-image-align-center","11":"do-quantity-buttons","13":"first","14":"instock","15":"taxable","16":"shipping-taxable","17":"purchasable","18":"product-type-simple"},"acf":[],"_links":{"self":[{"href":"https:\/\/dharmashop.de\/en\/wp-json\/wp\/v2\/product\/17761","targetHints":{"allow":["GET"]}}],"collection":[{"href":"https:\/\/dharmashop.de\/en\/wp-json\/wp\/v2\/product"}],"about":[{"href":"https:\/\/dharmashop.de\/en\/wp-json\/wp\/v2\/types\/product"}],"wp:featuredmedia":[{"embeddable":true,"href":"https:\/\/dharmashop.de\/en\/wp-json\/wp\/v2\/media\/19502"}],"wp:attachment":[{"href":"https:\/\/dharmashop.de\/en\/wp-json\/wp\/v2\/media?parent=17761"}],"wp:term":[{"taxonomy":"product_brand","embeddable":true,"href":"https:\/\/dharmashop.de\/en\/wp-json\/wp\/v2\/product_brand?post=17761"},{"taxonomy":"product_cat","embeddable":true,"href":"https:\/\/dharmashop.de\/en\/wp-json\/wp\/v2\/product_cat?post=17761"},{"taxonomy":"product_tag","embeddable":true,"href":"https:\/\/dharmashop.de\/en\/wp-json\/wp\/v2\/product_tag?post=17761"}],"curies":[{"name":"wp","href":"https:\/\/api.w.org\/{rel}","templated":true}]}}