{"id":17872,"date":"2024-07-04T07:18:05","date_gmt":"2024-07-04T07:18:05","guid":{"rendered":"https:\/\/dharmashop.de\/?post_type=product&#038;p=17872"},"modified":"2026-03-12T09:53:44","modified_gmt":"2026-03-12T09:53:44","slug":"buddhistische-psychotherapie-ein-leitfaden-fuer-heilsame-veraenderungen","status":"publish","type":"product","link":"https:\/\/dharmashop.de\/en\/produkt\/buddhistische-psychotherapie-ein-leitfaden-fuer-heilsame-veraenderungen\/","title":{"rendered":"Buddhistische Psychotherapie Ein Leitfaden f\u00fcr heilsame Ver\u00e4nderungen"},"content":{"rendered":"","protected":false},"excerpt":{"rendered":"<div class=\"value\">\n<p>Dieses Buch ist aus der Praxis heraus entstanden. Es beschreibt eine heilsame und mittlerweile gut erprobte Integration buddhistischer und psychotherapeutischer Behandlungsweisen.<\/p>\n<\/div>\n<p>&nbsp;<\/p>\n<div class=\"value\">\n<p>Hier werden sowohl Techniken aus den unterschiedlichen modernen Therapieformen als auch bekannte und dar\u00fcber hinaus weitgehend unbekannte buddhistische \u00dcbungen vorgestellt. Dazu vermittelt es konkrete Erkenntnisse und Methoden zum \u00dcberwinden von vermeidbarem und zur schnelleren Bew\u00e4ltigung von unvermeidbarem Leiden. Dieses Buch ist sowohl f\u00fcr Menschen gedacht, die psychotherapeutisch oder beratend t\u00e4tig sind, aber auch f\u00fcr alle anderen, die sich f\u00fcr Psychotherapie, Buddhismus oder ganz allgemein f\u00fcr das menschliche Funktionieren und Weiterentwickeln interessieren.<\/p>\n<\/div>","protected":false},"featured_media":20475,"template":"","meta":[],"product_brand":[],"product_cat":[65],"product_tag":[],"class_list":{"0":"post-17872","1":"product","2":"type-product","3":"status-publish","4":"has-post-thumbnail","6":"product_cat-buddhismus-allgemein","7":"sales-flash-overlay","8":"woocommerce-text-align-left","9":"woocommerce-image-align-center","10":"do-quantity-buttons","12":"first","13":"instock","14":"taxable","15":"shipping-taxable","16":"purchasable","17":"product-type-simple"},"acf":[],"_links":{"self":[{"href":"https:\/\/dharmashop.de\/en\/wp-json\/wp\/v2\/product\/17872","targetHints":{"allow":["GET"]}}],"collection":[{"href":"https:\/\/dharmashop.de\/en\/wp-json\/wp\/v2\/product"}],"about":[{"href":"https:\/\/dharmashop.de\/en\/wp-json\/wp\/v2\/types\/product"}],"wp:featuredmedia":[{"embeddable":true,"href":"https:\/\/dharmashop.de\/en\/wp-json\/wp\/v2\/media\/20475"}],"wp:attachment":[{"href":"https:\/\/dharmashop.de\/en\/wp-json\/wp\/v2\/media?parent=17872"}],"wp:term":[{"taxonomy":"product_brand","embeddable":true,"href":"https:\/\/dharmashop.de\/en\/wp-json\/wp\/v2\/product_brand?post=17872"},{"taxonomy":"product_cat","embeddable":true,"href":"https:\/\/dharmashop.de\/en\/wp-json\/wp\/v2\/product_cat?post=17872"},{"taxonomy":"product_tag","embeddable":true,"href":"https:\/\/dharmashop.de\/en\/wp-json\/wp\/v2\/product_tag?post=17872"}],"curies":[{"name":"wp","href":"https:\/\/api.w.org\/{rel}","templated":true}]}}