{"id":17879,"date":"2024-07-04T07:42:30","date_gmt":"2024-07-04T07:42:30","guid":{"rendered":"https:\/\/dharmashop.de\/?post_type=product&#038;p=17879"},"modified":"2026-03-12T09:53:41","modified_gmt":"2026-03-12T09:53:41","slug":"buddhas-rezept-fuer-glueckliche-partnerschaften-achtsames-und-konstruktives-problemloesen-mit-buddhistischer-psychologie","status":"publish","type":"product","link":"https:\/\/dharmashop.de\/en\/produkt\/buddhas-rezept-fuer-glueckliche-partnerschaften-achtsames-und-konstruktives-problemloesen-mit-buddhistischer-psychologie\/","title":{"rendered":"Buddhas Rezept f\u00fcr gl\u00fcckliche Partnerschaften Achtsames und konstruktives Probleml\u00f6sen mit buddhistischer Psychologie"},"content":{"rendered":"","protected":false},"excerpt":{"rendered":"<div class=\"value\">\n<p>A happy partnership is characterized by how we deal with emerging fears, expectations and difficult circumstances in personal closeness and affection in such a way that we increase our zest for life.<\/p>\n<\/div>\n<p>&nbsp;<\/p>\n<div class=\"value\">\n<p>Buddha war ein hervorragender Psychologe und Therapeut. Seine \u201eMethoden\u201c machen uns die Problemzonen bewusst: unsere \u00c4ngste, Haften an festen Vorstellungen, Kontrolle und Rechthaben, unsere Erwartungen, Anspr\u00fcche und Urteile \u00fcber andere. Kurze Kommunikations\u00fcbungen und Meditationen bieten einfache Ansatzpunkte, um zu wechselseitiger Akzeptanz, Wertsch\u00e4tzung und Achtsamkeit zu finden. Dann lernen wir zu geben und zu nehmen, mit all unserer Verletzlichkeit und all unserem Liebespotenzial.<\/p>\n<\/div>","protected":false},"featured_media":20477,"template":"","meta":[],"product_brand":[],"product_cat":[65],"product_tag":[],"class_list":{"0":"post-17879","1":"product","2":"type-product","3":"status-publish","4":"has-post-thumbnail","6":"product_cat-buddhismus-allgemein","7":"sales-flash-overlay","8":"woocommerce-text-align-left","9":"woocommerce-image-align-center","10":"do-quantity-buttons","12":"first","13":"instock","14":"taxable","15":"shipping-taxable","16":"purchasable","17":"product-type-simple"},"acf":[],"_links":{"self":[{"href":"https:\/\/dharmashop.de\/en\/wp-json\/wp\/v2\/product\/17879","targetHints":{"allow":["GET"]}}],"collection":[{"href":"https:\/\/dharmashop.de\/en\/wp-json\/wp\/v2\/product"}],"about":[{"href":"https:\/\/dharmashop.de\/en\/wp-json\/wp\/v2\/types\/product"}],"wp:featuredmedia":[{"embeddable":true,"href":"https:\/\/dharmashop.de\/en\/wp-json\/wp\/v2\/media\/20477"}],"wp:attachment":[{"href":"https:\/\/dharmashop.de\/en\/wp-json\/wp\/v2\/media?parent=17879"}],"wp:term":[{"taxonomy":"product_brand","embeddable":true,"href":"https:\/\/dharmashop.de\/en\/wp-json\/wp\/v2\/product_brand?post=17879"},{"taxonomy":"product_cat","embeddable":true,"href":"https:\/\/dharmashop.de\/en\/wp-json\/wp\/v2\/product_cat?post=17879"},{"taxonomy":"product_tag","embeddable":true,"href":"https:\/\/dharmashop.de\/en\/wp-json\/wp\/v2\/product_tag?post=17879"}],"curies":[{"name":"wp","href":"https:\/\/api.w.org\/{rel}","templated":true}]}}