{"id":18135,"date":"2024-08-20T08:04:15","date_gmt":"2024-08-20T08:04:15","guid":{"rendered":"https:\/\/dharmashop.de\/?post_type=product&#038;p=18135"},"modified":"2026-04-24T07:59:11","modified_gmt":"2026-04-24T07:59:11","slug":"aufnaeher-unendlicher-knoten-schwarz-weiss","status":"publish","type":"product","link":"https:\/\/dharmashop.de\/en\/produkt\/aufnaeher-unendlicher-knoten-schwarz-weiss\/","title":{"rendered":"Aufn\u00e4her unendlicher Knoten schwarz wei\u00df"},"content":{"rendered":"","protected":false},"excerpt":{"rendered":"<p>Auch als B\u00fcgelbild m\u00f6glich. Ca. 9,5 x 7, 5cm gro\u00df<\/p>","protected":false},"featured_media":20786,"template":"","meta":[],"product_brand":[],"product_cat":[239],"product_tag":[],"class_list":{"0":"post-18135","1":"product","2":"type-product","3":"status-publish","4":"has-post-thumbnail","6":"product_cat-geschenkartikel","7":"sales-flash-overlay","8":"woocommerce-text-align-left","9":"woocommerce-image-align-center","10":"do-quantity-buttons","12":"first","13":"instock","14":"taxable","15":"shipping-taxable","16":"purchasable","17":"product-type-simple"},"acf":[],"_links":{"self":[{"href":"https:\/\/dharmashop.de\/en\/wp-json\/wp\/v2\/product\/18135","targetHints":{"allow":["GET"]}}],"collection":[{"href":"https:\/\/dharmashop.de\/en\/wp-json\/wp\/v2\/product"}],"about":[{"href":"https:\/\/dharmashop.de\/en\/wp-json\/wp\/v2\/types\/product"}],"wp:featuredmedia":[{"embeddable":true,"href":"https:\/\/dharmashop.de\/en\/wp-json\/wp\/v2\/media\/20786"}],"wp:attachment":[{"href":"https:\/\/dharmashop.de\/en\/wp-json\/wp\/v2\/media?parent=18135"}],"wp:term":[{"taxonomy":"product_brand","embeddable":true,"href":"https:\/\/dharmashop.de\/en\/wp-json\/wp\/v2\/product_brand?post=18135"},{"taxonomy":"product_cat","embeddable":true,"href":"https:\/\/dharmashop.de\/en\/wp-json\/wp\/v2\/product_cat?post=18135"},{"taxonomy":"product_tag","embeddable":true,"href":"https:\/\/dharmashop.de\/en\/wp-json\/wp\/v2\/product_tag?post=18135"}],"curies":[{"name":"wp","href":"https:\/\/api.w.org\/{rel}","templated":true}]}}