{"id":18335,"date":"2024-09-25T07:41:42","date_gmt":"2024-09-25T07:41:42","guid":{"rendered":"https:\/\/dharmashop.de\/?post_type=product&#038;p=18335"},"modified":"2026-03-12T09:51:58","modified_gmt":"2026-03-12T09:51:58","slug":"gebetsfahnen-nepal-mittel","status":"publish","type":"product","link":"https:\/\/dharmashop.de\/en\/produkt\/gebetsfahnen-nepal-mittel\/","title":{"rendered":"Prayer flags Nepal medium"},"content":{"rendered":"","protected":false},"excerpt":{"rendered":"<p>These prayer flags are printed with mantras in Tibetan script.<br \/>\n10 bunte Fahnen sind auf einer Schnurr aufgereit, mit einer L\u00e4nge von ca.2,2m je Rolle.<br \/>\nDie Gr\u00f6\u00dfe der einzelnen Fahnen betr\u00e4gt ca. 21cm x 21cm. Hergestellt in Nepal. Baumwolle 100%<\/p>","protected":false},"featured_media":20634,"template":"","meta":[],"product_brand":[],"product_cat":[266],"product_tag":[],"class_list":{"0":"post-18335","1":"product","2":"type-product","3":"status-publish","4":"has-post-thumbnail","6":"product_cat-gebetsfahnen","7":"sales-flash-overlay","8":"woocommerce-text-align-left","9":"woocommerce-image-align-center","10":"do-quantity-buttons","12":"first","13":"instock","14":"taxable","15":"shipping-taxable","16":"purchasable","17":"product-type-simple"},"acf":[],"_links":{"self":[{"href":"https:\/\/dharmashop.de\/en\/wp-json\/wp\/v2\/product\/18335","targetHints":{"allow":["GET"]}}],"collection":[{"href":"https:\/\/dharmashop.de\/en\/wp-json\/wp\/v2\/product"}],"about":[{"href":"https:\/\/dharmashop.de\/en\/wp-json\/wp\/v2\/types\/product"}],"wp:featuredmedia":[{"embeddable":true,"href":"https:\/\/dharmashop.de\/en\/wp-json\/wp\/v2\/media\/20634"}],"wp:attachment":[{"href":"https:\/\/dharmashop.de\/en\/wp-json\/wp\/v2\/media?parent=18335"}],"wp:term":[{"taxonomy":"product_brand","embeddable":true,"href":"https:\/\/dharmashop.de\/en\/wp-json\/wp\/v2\/product_brand?post=18335"},{"taxonomy":"product_cat","embeddable":true,"href":"https:\/\/dharmashop.de\/en\/wp-json\/wp\/v2\/product_cat?post=18335"},{"taxonomy":"product_tag","embeddable":true,"href":"https:\/\/dharmashop.de\/en\/wp-json\/wp\/v2\/product_tag?post=18335"}],"curies":[{"name":"wp","href":"https:\/\/api.w.org\/{rel}","templated":true}]}}