{"id":18339,"date":"2024-09-25T07:59:28","date_gmt":"2024-09-25T07:59:28","guid":{"rendered":"https:\/\/dharmashop.de\/?post_type=product&#038;p=18339"},"modified":"2026-03-12T09:51:55","modified_gmt":"2026-03-12T09:51:55","slug":"gebetsfahne-windpferd","status":"publish","type":"product","link":"https:\/\/dharmashop.de\/en\/produkt\/gebetsfahne-windpferd\/","title":{"rendered":"Gebetsfahne Windpferd"},"content":{"rendered":"","protected":false},"excerpt":{"rendered":"<p>L\u00e4nge ca. 270cm zuz\u00fcglich 50cm . Gr\u00f6\u00dfe<\/p>\n<h1 class=\"font-fs-subheading-medium md:font-fs-section-heading text-fs-primary pr-7\" data-test-id=\"product-name\">\u00a0ca. 10,5&#215;10,5cm. Hergestellt in Nepal<\/h1>","protected":false},"featured_media":19924,"template":"","meta":[],"product_brand":[],"product_cat":[266],"product_tag":[],"class_list":{"0":"post-18339","1":"product","2":"type-product","3":"status-publish","4":"has-post-thumbnail","6":"product_cat-gebetsfahnen","7":"sales-flash-overlay","8":"woocommerce-text-align-left","9":"woocommerce-image-align-center","10":"do-quantity-buttons","12":"first","13":"instock","14":"taxable","15":"shipping-taxable","16":"purchasable","17":"product-type-simple"},"acf":[],"_links":{"self":[{"href":"https:\/\/dharmashop.de\/en\/wp-json\/wp\/v2\/product\/18339","targetHints":{"allow":["GET"]}}],"collection":[{"href":"https:\/\/dharmashop.de\/en\/wp-json\/wp\/v2\/product"}],"about":[{"href":"https:\/\/dharmashop.de\/en\/wp-json\/wp\/v2\/types\/product"}],"wp:featuredmedia":[{"embeddable":true,"href":"https:\/\/dharmashop.de\/en\/wp-json\/wp\/v2\/media\/19924"}],"wp:attachment":[{"href":"https:\/\/dharmashop.de\/en\/wp-json\/wp\/v2\/media?parent=18339"}],"wp:term":[{"taxonomy":"product_brand","embeddable":true,"href":"https:\/\/dharmashop.de\/en\/wp-json\/wp\/v2\/product_brand?post=18339"},{"taxonomy":"product_cat","embeddable":true,"href":"https:\/\/dharmashop.de\/en\/wp-json\/wp\/v2\/product_cat?post=18339"},{"taxonomy":"product_tag","embeddable":true,"href":"https:\/\/dharmashop.de\/en\/wp-json\/wp\/v2\/product_tag?post=18339"}],"curies":[{"name":"wp","href":"https:\/\/api.w.org\/{rel}","templated":true}]}}