{"id":18350,"date":"2024-09-28T13:08:40","date_gmt":"2024-09-28T13:08:40","guid":{"rendered":"https:\/\/dharmashop.de\/?post_type=product&#038;p=18350"},"modified":"2026-04-27T07:27:30","modified_gmt":"2026-04-27T07:27:30","slug":"heilung-tibetische-lehren-und-uebungen","status":"publish","type":"product","link":"https:\/\/dharmashop.de\/en\/produkt\/heilung-tibetische-lehren-und-uebungen\/","title":{"rendered":"Heilung \u2013 Tibetische Lehren und \u00dcbungen"},"content":{"rendered":"","protected":false},"excerpt":{"rendered":"<p>Eine Sammlung von Vortr\u00e4gen, Interviews und \u00dcbungen aus der tibetisch-buddhistischen Tradition, der tibetischen Heilkunde, der Hospizbewegung und der westlichen Psychotherapie.<\/p>\n<p>Dieses Buch weist neue Wege, mit dem Leben und dem Tod sowie mit Schmerz und Krankheit umzugehen. Es zeigt, wie man durch die Umwandlung der eigenen Einstellungen, mit Hilfe tiefer Entspannung und mit Mitgef\u00fchl und Weisheit beginnen kann, Probleme unter v\u00f6llig neuen Vorzeichen zu sehen.<\/p>\n<p>Vollst\u00e4ndige Heilung von allen k\u00f6rperlichen und geistigen St\u00f6rungen ist in den Traditionen des Ostens ein Prozess, der oft mehrere Leben lang dauert, daher wird im zweiten Teil des Buches darauf eingegangen, wie der \u00dcbergang von einem Leben zum n\u00e4chsten gemeistert werden kann. Mit vielen praktischen \u00dcbungsanleitungen.<\/p>","protected":false},"featured_media":20791,"template":"","meta":[],"product_brand":[],"product_cat":[65],"product_tag":[],"class_list":{"0":"post-18350","1":"product","2":"type-product","3":"status-publish","4":"has-post-thumbnail","6":"product_cat-buddhismus-allgemein","7":"sales-flash-overlay","8":"woocommerce-text-align-left","9":"woocommerce-image-align-center","10":"do-quantity-buttons","12":"first","13":"instock","14":"taxable","15":"shipping-taxable","16":"purchasable","17":"product-type-simple"},"acf":[],"_links":{"self":[{"href":"https:\/\/dharmashop.de\/en\/wp-json\/wp\/v2\/product\/18350","targetHints":{"allow":["GET"]}}],"collection":[{"href":"https:\/\/dharmashop.de\/en\/wp-json\/wp\/v2\/product"}],"about":[{"href":"https:\/\/dharmashop.de\/en\/wp-json\/wp\/v2\/types\/product"}],"wp:featuredmedia":[{"embeddable":true,"href":"https:\/\/dharmashop.de\/en\/wp-json\/wp\/v2\/media\/20791"}],"wp:attachment":[{"href":"https:\/\/dharmashop.de\/en\/wp-json\/wp\/v2\/media?parent=18350"}],"wp:term":[{"taxonomy":"product_brand","embeddable":true,"href":"https:\/\/dharmashop.de\/en\/wp-json\/wp\/v2\/product_brand?post=18350"},{"taxonomy":"product_cat","embeddable":true,"href":"https:\/\/dharmashop.de\/en\/wp-json\/wp\/v2\/product_cat?post=18350"},{"taxonomy":"product_tag","embeddable":true,"href":"https:\/\/dharmashop.de\/en\/wp-json\/wp\/v2\/product_tag?post=18350"}],"curies":[{"name":"wp","href":"https:\/\/api.w.org\/{rel}","templated":true}]}}