{"id":18423,"date":"2024-10-16T06:41:08","date_gmt":"2024-10-16T06:41:08","guid":{"rendered":"https:\/\/dharmashop.de\/?post_type=product&#038;p=18423"},"modified":"2026-03-12T09:51:33","modified_gmt":"2026-03-12T09:51:33","slug":"erleuchtung-fuer-skeptiker","status":"publish","type":"product","link":"https:\/\/dharmashop.de\/en\/produkt\/erleuchtung-fuer-skeptiker\/","title":{"rendered":"Erleuchtung f\u00fcr Skeptiker"},"content":{"rendered":"","protected":false},"excerpt":{"rendered":"<p>Positives Denken und Zufriedenheit kann trainiert werden &#8211; durch analytische Meditation! \u00bbErleuchtung f\u00fcr Skeptiker\u00ab verkn\u00fcpft die traditionelle buddhistische Meditation mit moderner Psychologie und richtet sich an alle, die etwas f\u00fcr ihr geistiges Wohlbefinden tun wollen. Anders als stabilisierende Achtsamkeits-Meditationen, die auf die Kl\u00e4rung des Geistes abzielen, vermitteln Scott Snibbes analytische 8-Stufen-Meditationen aktiv positive Bilder, die dabei helfen, den Geist zu fokussieren und \u00c4ngste zu \u00fcberwinden. Wie man mit dieser einfachen neuartigen Meditationstechnik lernt, positive Denkmuster zu entwickeln, zeigt dieses Buch humorvoll und mit zahlreichen Bez\u00fcgen zur Popkultur &#8211; Erleuchtung garantiert! Mit einem Vorwort des Dalai Lama.<br \/>\n&#8211; Mit einem Vorwort des Dalai Lama- Esoterikfrei und alltagstauglich: Das Beste aus Buddhismus und moderner Psychologie- Neue und einfachere Meditationstechnik trainiert den Geist im Positiv-Denken &#8211; f\u00e4llt vielen leichter als rein \u00bbachtsam\u00ab an nichts zu denken, nur wahrzunehmen, was ist- 8-Stufen-Ratgeber z<\/p>","protected":false},"featured_media":19499,"template":"","meta":[],"product_brand":[],"product_cat":[65],"product_tag":[],"class_list":{"0":"post-18423","1":"product","2":"type-product","3":"status-publish","4":"has-post-thumbnail","6":"product_cat-buddhismus-allgemein","7":"sales-flash-overlay","8":"woocommerce-text-align-left","9":"woocommerce-image-align-center","10":"do-quantity-buttons","12":"first","13":"instock","14":"taxable","15":"shipping-taxable","16":"purchasable","17":"product-type-simple"},"acf":[],"_links":{"self":[{"href":"https:\/\/dharmashop.de\/en\/wp-json\/wp\/v2\/product\/18423","targetHints":{"allow":["GET"]}}],"collection":[{"href":"https:\/\/dharmashop.de\/en\/wp-json\/wp\/v2\/product"}],"about":[{"href":"https:\/\/dharmashop.de\/en\/wp-json\/wp\/v2\/types\/product"}],"wp:featuredmedia":[{"embeddable":true,"href":"https:\/\/dharmashop.de\/en\/wp-json\/wp\/v2\/media\/19499"}],"wp:attachment":[{"href":"https:\/\/dharmashop.de\/en\/wp-json\/wp\/v2\/media?parent=18423"}],"wp:term":[{"taxonomy":"product_brand","embeddable":true,"href":"https:\/\/dharmashop.de\/en\/wp-json\/wp\/v2\/product_brand?post=18423"},{"taxonomy":"product_cat","embeddable":true,"href":"https:\/\/dharmashop.de\/en\/wp-json\/wp\/v2\/product_cat?post=18423"},{"taxonomy":"product_tag","embeddable":true,"href":"https:\/\/dharmashop.de\/en\/wp-json\/wp\/v2\/product_tag?post=18423"}],"curies":[{"name":"wp","href":"https:\/\/api.w.org\/{rel}","templated":true}]}}