{"id":18522,"date":"2024-10-25T06:35:33","date_gmt":"2024-10-25T06:35:33","guid":{"rendered":"https:\/\/dharmashop.de\/?post_type=product&#038;p=18522"},"modified":"2026-03-12T09:50:58","modified_gmt":"2026-03-12T09:50:58","slug":"dorje-chang-figur-17cm-sandfarben","status":"publish","type":"product","link":"https:\/\/dharmashop.de\/en\/produkt\/dorje-chang-figur-17cm-sandfarben\/","title":{"rendered":"Dorje Chang Figur 17cm, sandfarben"},"content":{"rendered":"","protected":false},"excerpt":{"rendered":"<p>Dorje Chang (tibetisch f\u00fcr Vajradhara)\u00a0gilt im tibetischen Buddhismus als der kosmische Urbuddha (Adi-Buddha), der die Essenz aller tantrischen Lehren und die Vereinigung von Weisheit und Mitgef\u00fchl repr\u00e4sentiert. Er wird als der Ursprung der Mahamudra-Linie verehrt. Material Polyresin, Gr\u00f6\u00dfe cm 17<\/p>","protected":false},"featured_media":20613,"template":"","meta":[],"product_brand":[],"product_cat":[77],"product_tag":[],"class_list":{"0":"post-18522","1":"product","2":"type-product","3":"status-publish","4":"has-post-thumbnail","6":"product_cat-statuen","7":"sales-flash-overlay","8":"woocommerce-text-align-left","9":"woocommerce-image-align-center","10":"do-quantity-buttons","12":"first","13":"instock","14":"taxable","15":"shipping-taxable","16":"purchasable","17":"product-type-simple"},"acf":[],"_links":{"self":[{"href":"https:\/\/dharmashop.de\/en\/wp-json\/wp\/v2\/product\/18522","targetHints":{"allow":["GET"]}}],"collection":[{"href":"https:\/\/dharmashop.de\/en\/wp-json\/wp\/v2\/product"}],"about":[{"href":"https:\/\/dharmashop.de\/en\/wp-json\/wp\/v2\/types\/product"}],"wp:featuredmedia":[{"embeddable":true,"href":"https:\/\/dharmashop.de\/en\/wp-json\/wp\/v2\/media\/20613"}],"wp:attachment":[{"href":"https:\/\/dharmashop.de\/en\/wp-json\/wp\/v2\/media?parent=18522"}],"wp:term":[{"taxonomy":"product_brand","embeddable":true,"href":"https:\/\/dharmashop.de\/en\/wp-json\/wp\/v2\/product_brand?post=18522"},{"taxonomy":"product_cat","embeddable":true,"href":"https:\/\/dharmashop.de\/en\/wp-json\/wp\/v2\/product_cat?post=18522"},{"taxonomy":"product_tag","embeddable":true,"href":"https:\/\/dharmashop.de\/en\/wp-json\/wp\/v2\/product_tag?post=18522"}],"curies":[{"name":"wp","href":"https:\/\/api.w.org\/{rel}","templated":true}]}}