{"id":18596,"date":"2024-11-05T08:19:15","date_gmt":"2024-11-05T08:19:15","guid":{"rendered":"https:\/\/dharmashop.de\/?post_type=product&#038;p=18596"},"modified":"2026-03-12T09:50:35","modified_gmt":"2026-03-12T09:50:35","slug":"saraswati-mit-sitar","status":"publish","type":"product","link":"https:\/\/dharmashop.de\/en\/produkt\/saraswati-mit-sitar\/","title":{"rendered":"Saraswati mit Sitar"},"content":{"rendered":"","protected":false},"excerpt":{"rendered":"<p>Harzstatuette von Saraswati, der G\u00f6ttin der Musik, Poesie, Rhetorik und der Wissenschaften. Sie wird gew\u00f6hnlich mit einer Vina dargestellt, einem Saiteninstrument, das einer Sitar \u00e4hnelt. In den Saiten entstehen die Schwingungen der gesamten Sch\u00f6pfung, die sich wie Wellen um sie herum ausbreiten. Da auch die Sanskrit-Sprache aus diesen Schwingungen besteht, tr\u00e4gt sie ein Palmblattmanuskript als Darstellung der Veden &#8211; eines der \u00e4ltesten Texte, die jemals geschrieben wurden.<\/p>\n<div class=\"spec-item\">\n<div class=\"spec-desc\">Material<\/div>\n<div class=\"spec-value\">Polyresin,<\/div>\n<\/div>\n<div class=\"spec-item\">\n<div class=\"spec-desc\">Gr\u00f6\u00dfe cm<\/div>\n<div class=\"spec-value\">19 x 10<\/div>\n<\/div>","protected":false},"featured_media":20533,"template":"","meta":[],"product_brand":[],"product_cat":[77],"product_tag":[],"class_list":{"0":"post-18596","1":"product","2":"type-product","3":"status-publish","4":"has-post-thumbnail","6":"product_cat-statuen","7":"sales-flash-overlay","8":"woocommerce-text-align-left","9":"woocommerce-image-align-center","10":"do-quantity-buttons","12":"first","13":"instock","14":"taxable","15":"shipping-taxable","16":"purchasable","17":"product-type-simple"},"acf":[],"_links":{"self":[{"href":"https:\/\/dharmashop.de\/en\/wp-json\/wp\/v2\/product\/18596","targetHints":{"allow":["GET"]}}],"collection":[{"href":"https:\/\/dharmashop.de\/en\/wp-json\/wp\/v2\/product"}],"about":[{"href":"https:\/\/dharmashop.de\/en\/wp-json\/wp\/v2\/types\/product"}],"wp:featuredmedia":[{"embeddable":true,"href":"https:\/\/dharmashop.de\/en\/wp-json\/wp\/v2\/media\/20533"}],"wp:attachment":[{"href":"https:\/\/dharmashop.de\/en\/wp-json\/wp\/v2\/media?parent=18596"}],"wp:term":[{"taxonomy":"product_brand","embeddable":true,"href":"https:\/\/dharmashop.de\/en\/wp-json\/wp\/v2\/product_brand?post=18596"},{"taxonomy":"product_cat","embeddable":true,"href":"https:\/\/dharmashop.de\/en\/wp-json\/wp\/v2\/product_cat?post=18596"},{"taxonomy":"product_tag","embeddable":true,"href":"https:\/\/dharmashop.de\/en\/wp-json\/wp\/v2\/product_tag?post=18596"}],"curies":[{"name":"wp","href":"https:\/\/api.w.org\/{rel}","templated":true}]}}