{"id":18660,"date":"2024-11-13T08:02:19","date_gmt":"2024-11-13T08:02:19","guid":{"rendered":"https:\/\/dharmashop.de\/?post_type=product&#038;p=18660"},"modified":"2026-04-15T08:02:52","modified_gmt":"2026-04-15T08:02:52","slug":"gruene-tara-statue-messing-20cm","status":"publish","type":"product","link":"https:\/\/dharmashop.de\/en\/produkt\/gruene-tara-statue-messing-20cm\/","title":{"rendered":"Gr\u00fcne Tara Statue Messing, 20cm"},"content":{"rendered":"","protected":false},"excerpt":{"rendered":"<p>Messing , 20cm gro\u00df. Die\u00a0<strong>Green tare<\/strong>\u00a0ist eine weibliche Manifestation der erleuchteten Energie; sie ist sehr beliebt bei den tibetischen Buddhisten. Es gibt 21 Manifestationen von Tara; die wichtigsten sind die wei\u00dfe und die gr\u00fcne Tara. Kennzeichnend f\u00fcr ihre Erscheinungsform sind die sieben Augen in Kopf, Handfl\u00e4chen und Fu\u00dfsohlen. Sie sitzt in v\u00f6lliger Lotushaltung. In Ihrer rechten Hand h\u00e4lt sie den Stiel eines blauen Lotus. In allen buddhistischen spirituellen Gemeinschaften werden jeden Monat die 21 Verse der Tara rezitiert, um alle Hindernisse zu befrieden und zu \u00fcberwinden. Das Rezitieren des Mantras der Gr\u00fcnen Tara heilt alle bekannten und unbekannten \u00c4ngste. Ihr Mantra ist: OM TARE TUTTARE TURE SWAHAM<\/p>","protected":false},"featured_media":20745,"template":"","meta":[],"product_brand":[],"product_cat":[77],"product_tag":[],"class_list":{"0":"post-18660","1":"product","2":"type-product","3":"status-publish","4":"has-post-thumbnail","6":"product_cat-statuen","7":"sales-flash-overlay","8":"woocommerce-text-align-left","9":"woocommerce-image-align-center","10":"do-quantity-buttons","12":"first","13":"instock","14":"taxable","15":"shipping-taxable","16":"purchasable","17":"product-type-simple"},"acf":[],"_links":{"self":[{"href":"https:\/\/dharmashop.de\/en\/wp-json\/wp\/v2\/product\/18660","targetHints":{"allow":["GET"]}}],"collection":[{"href":"https:\/\/dharmashop.de\/en\/wp-json\/wp\/v2\/product"}],"about":[{"href":"https:\/\/dharmashop.de\/en\/wp-json\/wp\/v2\/types\/product"}],"wp:featuredmedia":[{"embeddable":true,"href":"https:\/\/dharmashop.de\/en\/wp-json\/wp\/v2\/media\/20745"}],"wp:attachment":[{"href":"https:\/\/dharmashop.de\/en\/wp-json\/wp\/v2\/media?parent=18660"}],"wp:term":[{"taxonomy":"product_brand","embeddable":true,"href":"https:\/\/dharmashop.de\/en\/wp-json\/wp\/v2\/product_brand?post=18660"},{"taxonomy":"product_cat","embeddable":true,"href":"https:\/\/dharmashop.de\/en\/wp-json\/wp\/v2\/product_cat?post=18660"},{"taxonomy":"product_tag","embeddable":true,"href":"https:\/\/dharmashop.de\/en\/wp-json\/wp\/v2\/product_tag?post=18660"}],"curies":[{"name":"wp","href":"https:\/\/api.w.org\/{rel}","templated":true}]}}