{"id":18680,"date":"2024-11-14T08:38:26","date_gmt":"2024-11-14T08:38:26","guid":{"rendered":"https:\/\/dharmashop.de\/?post_type=product&#038;p=18680"},"modified":"2026-03-12T09:50:15","modified_gmt":"2026-03-12T09:50:15","slug":"tibetische-gebetsfahnen-guru-rinpoche","status":"publish","type":"product","link":"https:\/\/dharmashop.de\/en\/produkt\/tibetische-gebetsfahnen-guru-rinpoche\/","title":{"rendered":"Tibetische Gebetsfahnen Guru Rinpoche"},"content":{"rendered":"","protected":false},"excerpt":{"rendered":"<p>Kordel mit 10 tibetischen Gebetsfahnen mit Bild und Mantra von Padmasambhava a.k.a. Guru Rinpoche.<br \/>\nPadmasambhava war ein gro\u00dfer Meister, der im achten Jahrhundert den Vajrayana-Buddhismus von Indien nach Tibet brachte. Er gilt als der Wurzelmeister der Nyingma-Schule des tibetischen Buddhismus.<br \/>\nDer englische Text auf der linken und rechten Seite dr\u00fcckt die Bedeutung der Mantras aus, die in der mittleren Spalte abgedruckt sind.<\/p>\n<p><strong>\u00dcber das Produkt<\/strong><br \/>\nFlaggengr\u00f6\u00dfe: 20&#215;20 cm.<br \/>\nL\u00e4nge Gesamtkordel: 210 cm.<br \/>\nMaterial: 70 % Baumwolle, 30 % Polyester.<\/p>\n<p><strong>Tibetische Gebetsfahnen<\/strong><br \/>\nGebetsfahnen werden traditionell in allen L\u00e4ndern mit buddhistischer Kultur in der Hymalaya-Region aufgeh\u00e4ngt, wie Tibet, Nepal und Bhutan. Die positive Energie der Bilder und Mantras breitet sich aus, w\u00e4hrend die Fahnen im Wind wehen und das Gute in alle Ecken der Welt und dar\u00fcber hinaus verbreiten.<\/p>\n<p>Die Farben der Flaggen (blau, wei\u00df, rot, gr\u00fcn, gelb) repr\u00e4sentieren die 5 Elemente und die 5 Dhyani-Buddhas, die (unter anderem) die inneren und \u00e4u\u00dferen weiblichen und m\u00e4nnlichen Energien in ihrer reinsten Form symbolisieren.<\/p>","protected":false},"featured_media":20496,"template":"","meta":[],"product_brand":[],"product_cat":[266],"product_tag":[],"class_list":{"0":"post-18680","1":"product","2":"type-product","3":"status-publish","4":"has-post-thumbnail","6":"product_cat-gebetsfahnen","7":"sales-flash-overlay","8":"woocommerce-text-align-left","9":"woocommerce-image-align-center","10":"do-quantity-buttons","12":"first","13":"instock","14":"taxable","15":"shipping-taxable","16":"purchasable","17":"product-type-simple"},"acf":[],"_links":{"self":[{"href":"https:\/\/dharmashop.de\/en\/wp-json\/wp\/v2\/product\/18680","targetHints":{"allow":["GET"]}}],"collection":[{"href":"https:\/\/dharmashop.de\/en\/wp-json\/wp\/v2\/product"}],"about":[{"href":"https:\/\/dharmashop.de\/en\/wp-json\/wp\/v2\/types\/product"}],"wp:featuredmedia":[{"embeddable":true,"href":"https:\/\/dharmashop.de\/en\/wp-json\/wp\/v2\/media\/20496"}],"wp:attachment":[{"href":"https:\/\/dharmashop.de\/en\/wp-json\/wp\/v2\/media?parent=18680"}],"wp:term":[{"taxonomy":"product_brand","embeddable":true,"href":"https:\/\/dharmashop.de\/en\/wp-json\/wp\/v2\/product_brand?post=18680"},{"taxonomy":"product_cat","embeddable":true,"href":"https:\/\/dharmashop.de\/en\/wp-json\/wp\/v2\/product_cat?post=18680"},{"taxonomy":"product_tag","embeddable":true,"href":"https:\/\/dharmashop.de\/en\/wp-json\/wp\/v2\/product_tag?post=18680"}],"curies":[{"name":"wp","href":"https:\/\/api.w.org\/{rel}","templated":true}]}}