{"id":18729,"date":"2024-11-20T08:39:32","date_gmt":"2024-11-20T08:39:32","guid":{"rendered":"https:\/\/dharmashop.de\/?post_type=product&#038;p=18729"},"modified":"2026-03-12T09:49:58","modified_gmt":"2026-03-12T09:49:58","slug":"tibetisches-gluecksknoten-armband-blumen-perle","status":"publish","type":"product","link":"https:\/\/dharmashop.de\/en\/produkt\/tibetisches-gluecksknoten-armband-blumen-perle\/","title":{"rendered":"Tibetisches Gl\u00fccksknoten-Armband &#8222;Blumen-Perle&#8220;"},"content":{"rendered":"","protected":false},"excerpt":{"rendered":"<p>Mit Gl\u00fccksknoten geflochten, Handarbeit. Gr\u00f6\u00dfenverstellbar<\/p>","protected":false},"featured_media":18730,"template":"","meta":[],"product_brand":[],"product_cat":[264],"product_tag":[],"class_list":{"0":"post-18729","1":"product","2":"type-product","3":"status-publish","4":"has-post-thumbnail","6":"product_cat-handmalas","7":"sales-flash-overlay","8":"woocommerce-text-align-left","9":"woocommerce-image-align-center","10":"do-quantity-buttons","12":"first","13":"instock","14":"taxable","15":"shipping-taxable","16":"purchasable","17":"product-type-simple"},"acf":[],"_links":{"self":[{"href":"https:\/\/dharmashop.de\/en\/wp-json\/wp\/v2\/product\/18729","targetHints":{"allow":["GET"]}}],"collection":[{"href":"https:\/\/dharmashop.de\/en\/wp-json\/wp\/v2\/product"}],"about":[{"href":"https:\/\/dharmashop.de\/en\/wp-json\/wp\/v2\/types\/product"}],"wp:featuredmedia":[{"embeddable":true,"href":"https:\/\/dharmashop.de\/en\/wp-json\/wp\/v2\/media\/18730"}],"wp:attachment":[{"href":"https:\/\/dharmashop.de\/en\/wp-json\/wp\/v2\/media?parent=18729"}],"wp:term":[{"taxonomy":"product_brand","embeddable":true,"href":"https:\/\/dharmashop.de\/en\/wp-json\/wp\/v2\/product_brand?post=18729"},{"taxonomy":"product_cat","embeddable":true,"href":"https:\/\/dharmashop.de\/en\/wp-json\/wp\/v2\/product_cat?post=18729"},{"taxonomy":"product_tag","embeddable":true,"href":"https:\/\/dharmashop.de\/en\/wp-json\/wp\/v2\/product_tag?post=18729"}],"curies":[{"name":"wp","href":"https:\/\/api.w.org\/{rel}","templated":true}]}}