{"id":18735,"date":"2024-11-20T08:53:22","date_gmt":"2024-11-20T08:53:22","guid":{"rendered":"https:\/\/dharmashop.de\/?post_type=product&#038;p=18735"},"modified":"2026-03-12T09:49:56","modified_gmt":"2026-03-12T09:49:56","slug":"duftlampe-lotus-schwarzer-speckstein","status":"publish","type":"product","link":"https:\/\/dharmashop.de\/en\/produkt\/duftlampe-lotus-schwarzer-speckstein\/","title":{"rendered":"Duftlampe Lotus schwarzer Speckstein"},"content":{"rendered":"","protected":false},"excerpt":{"rendered":"<p style=\"font-weight: 400\">Eine Duftlampe aus schwarz\u00a0poliertem Speckstein, schwere Qualit\u00e4t. Die Duftlampe besteht aus zwei Teilen, d.h. der obere Teil\u00a0ist abnehmbar und so leicht zu reinigen.<\/p>\n<p style=\"font-weight: 400\">\n<p style=\"font-weight: 400\">Mit fein ausgearbeiteten Lotusblumen in\u00a0den 4 Seiten des unteren Teils, wodurch ein Teelicht sch\u00f6n hindurch scheint.<\/p>\n<p style=\"font-weight: 400\"><b><strong><em>Lotus<\/em><\/strong><\/b><em><br \/>\n<\/em><em>Der Lotus ist das Symbol der Transformation von Dunkelheit in Licht, von Unwissenheit in Wissen.<\/em><\/p>\n<p style=\"font-weight: 400\">\n<b><strong>Application<\/strong><\/b><br \/>\nF\u00fcllen Sie den Beh\u00e4lter mit Wasser und ein paar Tropfen eines \u00e4therischen \u00d6ls, das Sie m\u00f6gen.<br \/>\nAuch zur Verwendung mit Aromawachsen geeignet.<br \/>\n<em>\u00d6le und\/oder Wachse bitte separat bestellen.<\/em><\/p>\n<div class=\"spec-item\">\n<div class=\"spec-desc\">Material<\/div>\n<div class=\"spec-value\">Speckstein,<\/div>\n<\/div>\n<div class=\"spec-item\">\n<div class=\"spec-desc\">Gr\u00f6\u00dfe cm<\/div>\n<div class=\"spec-value\">11 x 8,<\/div>\n<\/div>\n<div class=\"spec-item\">\n<div class=\"spec-desc\">Gewicht g<\/div>\n<div class=\"spec-value\">\u00b1 500,<\/div>\n<\/div>\n<div class=\"spec-item\">\n<div class=\"spec-desc\">Farbe<\/div>\n<div class=\"spec-value\">Schwarz<\/div>\n<\/div>\n<div class=\"spec-item\">\n<div class=\"spec-desc\">,<\/div>\n<\/div>","protected":false},"featured_media":20606,"template":"","meta":[],"product_brand":[],"product_cat":[239],"product_tag":[],"class_list":{"0":"post-18735","1":"product","2":"type-product","3":"status-publish","4":"has-post-thumbnail","6":"product_cat-geschenkartikel","7":"sales-flash-overlay","8":"woocommerce-text-align-left","9":"woocommerce-image-align-center","10":"do-quantity-buttons","12":"first","13":"instock","14":"taxable","15":"shipping-taxable","16":"purchasable","17":"product-type-simple"},"acf":[],"_links":{"self":[{"href":"https:\/\/dharmashop.de\/en\/wp-json\/wp\/v2\/product\/18735","targetHints":{"allow":["GET"]}}],"collection":[{"href":"https:\/\/dharmashop.de\/en\/wp-json\/wp\/v2\/product"}],"about":[{"href":"https:\/\/dharmashop.de\/en\/wp-json\/wp\/v2\/types\/product"}],"wp:featuredmedia":[{"embeddable":true,"href":"https:\/\/dharmashop.de\/en\/wp-json\/wp\/v2\/media\/20606"}],"wp:attachment":[{"href":"https:\/\/dharmashop.de\/en\/wp-json\/wp\/v2\/media?parent=18735"}],"wp:term":[{"taxonomy":"product_brand","embeddable":true,"href":"https:\/\/dharmashop.de\/en\/wp-json\/wp\/v2\/product_brand?post=18735"},{"taxonomy":"product_cat","embeddable":true,"href":"https:\/\/dharmashop.de\/en\/wp-json\/wp\/v2\/product_cat?post=18735"},{"taxonomy":"product_tag","embeddable":true,"href":"https:\/\/dharmashop.de\/en\/wp-json\/wp\/v2\/product_tag?post=18735"}],"curies":[{"name":"wp","href":"https:\/\/api.w.org\/{rel}","templated":true}]}}