{"id":18784,"date":"2024-12-10T08:23:12","date_gmt":"2024-12-10T08:23:12","guid":{"rendered":"https:\/\/dharmashop.de\/?post_type=product&#038;p=18784"},"modified":"2026-03-12T09:49:52","modified_gmt":"2026-03-12T09:49:52","slug":"die-lichthaftigkeit-des-geistes","status":"publish","type":"product","link":"https:\/\/dharmashop.de\/en\/produkt\/die-lichthaftigkeit-des-geistes\/","title":{"rendered":"Die Lichthaftigkeit des Geistes"},"content":{"rendered":"","protected":false},"excerpt":{"rendered":"<p>Die Lichthaftigkeit des Geistes, auch Buddha-Natur genannt, ist eine im Mah\u0101y\u0101na Buddhismus verwendete Umschreibung der Wirklichkeit, die im Zentrum des buddhistischen Wegs steht: Jedes Lebewesen besitzt das Potential des Erwachens. Daher kann grunds\u00e4tzlich jedes Lebewesen den Buddha-Zustand verwirklichen. Wie so etwas m\u00f6glich ist, ent\u00adzieht sich zwar dem begrifflichen Erfassen, doch k\u00f6nnen uns klassische buddhistische Unterweisungen dabei helfen, uns an ein Verst\u00e4ndnis unserer wahren Natur anzun\u00e4hern. Kongtrul Lodr\u00f6 Thaye (1813\u20131899) vermittelt uns in seinen Lichtstrahlen des Vajra-Mondes, wie die Buddha-Natur zugleich Ausgangspunkt, Weg und Ziel ist. Denn sie ist zugleich Grundlage, Praxis und das Erwachen selbst. So nimmt uns Kongtrul mit auf eine \u00fcberaus lohnende, spirituelle Reise, die uns zur Verwirk\u00adlichung des grundlegend Guten in uns f\u00fchren kann.<\/p>","protected":false},"featured_media":18785,"template":"","meta":[],"product_brand":[],"product_cat":[65,19],"product_tag":[],"class_list":{"0":"post-18784","1":"product","2":"type-product","3":"status-publish","4":"has-post-thumbnail","6":"product_cat-buddhismus-allgemein","7":"product_cat-buecher","8":"sales-flash-overlay","9":"woocommerce-text-align-left","10":"woocommerce-image-align-center","11":"do-quantity-buttons","13":"first","14":"instock","15":"taxable","16":"shipping-taxable","17":"purchasable","18":"product-type-simple"},"acf":[],"_links":{"self":[{"href":"https:\/\/dharmashop.de\/en\/wp-json\/wp\/v2\/product\/18784","targetHints":{"allow":["GET"]}}],"collection":[{"href":"https:\/\/dharmashop.de\/en\/wp-json\/wp\/v2\/product"}],"about":[{"href":"https:\/\/dharmashop.de\/en\/wp-json\/wp\/v2\/types\/product"}],"wp:featuredmedia":[{"embeddable":true,"href":"https:\/\/dharmashop.de\/en\/wp-json\/wp\/v2\/media\/18785"}],"wp:attachment":[{"href":"https:\/\/dharmashop.de\/en\/wp-json\/wp\/v2\/media?parent=18784"}],"wp:term":[{"taxonomy":"product_brand","embeddable":true,"href":"https:\/\/dharmashop.de\/en\/wp-json\/wp\/v2\/product_brand?post=18784"},{"taxonomy":"product_cat","embeddable":true,"href":"https:\/\/dharmashop.de\/en\/wp-json\/wp\/v2\/product_cat?post=18784"},{"taxonomy":"product_tag","embeddable":true,"href":"https:\/\/dharmashop.de\/en\/wp-json\/wp\/v2\/product_tag?post=18784"}],"curies":[{"name":"wp","href":"https:\/\/api.w.org\/{rel}","templated":true}]}}