{"id":18789,"date":"2024-12-10T08:26:43","date_gmt":"2024-12-10T08:26:43","guid":{"rendered":"https:\/\/dharmashop.de\/?post_type=product&#038;p=18789"},"modified":"2026-03-12T09:49:51","modified_gmt":"2026-03-12T09:49:51","slug":"frauen-in-buddhistischen-traditionen","status":"publish","type":"product","link":"https:\/\/dharmashop.de\/en\/produkt\/frauen-in-buddhistischen-traditionen\/","title":{"rendered":"Frauen in buddhistischen Traditionen"},"content":{"rendered":"","protected":false},"excerpt":{"rendered":"<p>In ihrem Werk \u00fcber Frauen im Buddhismus pr\u00e4sentiert Karma Lekshe Tsomo eine tiefgr\u00fcndige Analyse der weiblichen buddhistischen Lebenswege, die sowohl historische als auch zeitgen\u00f6ssische Perspektiven umfasst.<\/p>\n<p>Das Buch bietet einen umfassenden Einblick in das religi\u00f6se Leben von Frauen in buddhistischen L\u00e4ndern Asiens und im Westen und thematisiert kritische Aspekte wie geschlechtliche Gleichstellung und die oft unsichtbare Rolle buddhistischer Nonnen.<\/p>\n<p>Mit gro\u00dfer Sorgfalt und gro\u00dfem Respekt f\u00fcr die Tradition untersucht Tsomo, wie Frauen den Buddhismus weise und einf\u00fchlsam transformieren k\u00f6nnen, ohne die kostbare Essenz des Dharma zu verlieren. Ihre wertungsfreie Reflexion ermutigt zeitgen\u00f6ssische Praktizierende, selbstbewusst ihren spirituellen Weg zu gehen und den bedeutenden Beitrag von Frauen zur Verbreitung des Dharma anzuerkennen.<\/p>\n<p>Traditions\u00fcbergreifend bezieht sich das Werk sowohl auf Theravada- als auch Mahayana-Schriften.<\/p>\n<p>&nbsp;<\/p>\n<p>\u00bbUnbedingt zu empfehlen! Das Buch schenkt neue Einblicke in die Praxis der Frauen \u00fcber die Jahrhunderte und in ihren gro\u00dfen Beitrag zur Verbreitung des Dharma.\u00ab \u2013\u00a0<i>Tilmann Lh\u00fcndrup Borghardt<span class=\"Apple-converted-space\">\u00a0<\/span><\/i><\/p>\n<p>\u00bbAls Theravada Bhik\u1e63u\u1e47\u012b erf\u00fcllt mich beim Lesen dieses hervorragend recherchierten Buches gro\u00dfe Freude, dass alle Begriffe in Pali und Sanskrit \u00fcbersetzt (\u2026) werden. Dieses traditionsoffene Buch reflektiert wertungsfrei die Rolle von Frauen in buddhistischen Traditionen und macht Mut, einfach eine Tochter des Buddha zu sein, bef\u00e4higt zum H\u00f6chsten.\u00ab \u2013\u00a0<i>Ayya Phala\u00f1\u0101\u1e47\u012b<\/i><\/p>","protected":false},"featured_media":18790,"template":"","meta":[],"product_brand":[],"product_cat":[65,19],"product_tag":[],"class_list":{"0":"post-18789","1":"product","2":"type-product","3":"status-publish","4":"has-post-thumbnail","6":"product_cat-buddhismus-allgemein","7":"product_cat-buecher","8":"sales-flash-overlay","9":"woocommerce-text-align-left","10":"woocommerce-image-align-center","11":"do-quantity-buttons","13":"first","14":"instock","15":"taxable","16":"shipping-taxable","17":"purchasable","18":"product-type-simple"},"acf":[],"_links":{"self":[{"href":"https:\/\/dharmashop.de\/en\/wp-json\/wp\/v2\/product\/18789","targetHints":{"allow":["GET"]}}],"collection":[{"href":"https:\/\/dharmashop.de\/en\/wp-json\/wp\/v2\/product"}],"about":[{"href":"https:\/\/dharmashop.de\/en\/wp-json\/wp\/v2\/types\/product"}],"wp:featuredmedia":[{"embeddable":true,"href":"https:\/\/dharmashop.de\/en\/wp-json\/wp\/v2\/media\/18790"}],"wp:attachment":[{"href":"https:\/\/dharmashop.de\/en\/wp-json\/wp\/v2\/media?parent=18789"}],"wp:term":[{"taxonomy":"product_brand","embeddable":true,"href":"https:\/\/dharmashop.de\/en\/wp-json\/wp\/v2\/product_brand?post=18789"},{"taxonomy":"product_cat","embeddable":true,"href":"https:\/\/dharmashop.de\/en\/wp-json\/wp\/v2\/product_cat?post=18789"},{"taxonomy":"product_tag","embeddable":true,"href":"https:\/\/dharmashop.de\/en\/wp-json\/wp\/v2\/product_tag?post=18789"}],"curies":[{"name":"wp","href":"https:\/\/api.w.org\/{rel}","templated":true}]}}