{"id":18815,"date":"2024-12-13T08:45:47","date_gmt":"2024-12-13T08:45:47","guid":{"rendered":"https:\/\/dharmashop.de\/?post_type=product&#038;p=18815"},"modified":"2026-04-27T07:20:34","modified_gmt":"2026-04-27T07:20:34","slug":"schluesselanhaenger-lebensbaum-weiss","status":"publish","type":"product","link":"https:\/\/dharmashop.de\/en\/produkt\/schluesselanhaenger-lebensbaum-weiss\/","title":{"rendered":"Schl\u00fcsselanh\u00e4nger Lebensbaum wei\u00df"},"content":{"rendered":"","protected":false},"excerpt":{"rendered":"<p>Total length approx. 5 cm, diameter approx. 2.5 cm. Glass cabochon cut<\/p>","protected":false},"featured_media":18816,"template":"","meta":[],"product_brand":[],"product_cat":[239],"product_tag":[],"class_list":{"0":"post-18815","1":"product","2":"type-product","3":"status-publish","4":"has-post-thumbnail","6":"product_cat-geschenkartikel","7":"sales-flash-overlay","8":"woocommerce-text-align-left","9":"woocommerce-image-align-center","10":"do-quantity-buttons","12":"first","13":"instock","14":"taxable","15":"shipping-taxable","16":"purchasable","17":"product-type-simple"},"acf":[],"_links":{"self":[{"href":"https:\/\/dharmashop.de\/en\/wp-json\/wp\/v2\/product\/18815","targetHints":{"allow":["GET"]}}],"collection":[{"href":"https:\/\/dharmashop.de\/en\/wp-json\/wp\/v2\/product"}],"about":[{"href":"https:\/\/dharmashop.de\/en\/wp-json\/wp\/v2\/types\/product"}],"wp:featuredmedia":[{"embeddable":true,"href":"https:\/\/dharmashop.de\/en\/wp-json\/wp\/v2\/media\/18816"}],"wp:attachment":[{"href":"https:\/\/dharmashop.de\/en\/wp-json\/wp\/v2\/media?parent=18815"}],"wp:term":[{"taxonomy":"product_brand","embeddable":true,"href":"https:\/\/dharmashop.de\/en\/wp-json\/wp\/v2\/product_brand?post=18815"},{"taxonomy":"product_cat","embeddable":true,"href":"https:\/\/dharmashop.de\/en\/wp-json\/wp\/v2\/product_cat?post=18815"},{"taxonomy":"product_tag","embeddable":true,"href":"https:\/\/dharmashop.de\/en\/wp-json\/wp\/v2\/product_tag?post=18815"}],"curies":[{"name":"wp","href":"https:\/\/api.w.org\/{rel}","templated":true}]}}