{"id":18827,"date":"2024-12-17T07:16:03","date_gmt":"2024-12-17T07:16:03","guid":{"rendered":"https:\/\/dharmashop.de\/?post_type=product&#038;p=18827"},"modified":"2026-04-06T15:41:02","modified_gmt":"2026-04-06T15:41:02","slug":"raeucherstaebchenhalter-lotusbluete-gross","status":"publish","type":"product","link":"https:\/\/dharmashop.de\/en\/produkt\/raeucherstaebchenhalter-lotusbluete-gross\/","title":{"rendered":"R\u00e4ucherst\u00e4bchenhalter Lotusbl\u00fcte gro\u00df"},"content":{"rendered":"","protected":false},"excerpt":{"rendered":"<p>ca.9cm breit, Metal<\/p>","protected":false},"featured_media":18828,"template":"","meta":[],"product_brand":[],"product_cat":[247],"product_tag":[],"class_list":{"0":"post-18827","1":"product","2":"type-product","3":"status-publish","4":"has-post-thumbnail","6":"product_cat-raeucherstaebchenraeucherwerk","7":"sales-flash-overlay","8":"woocommerce-text-align-left","9":"woocommerce-image-align-center","10":"do-quantity-buttons","12":"first","13":"instock","14":"taxable","15":"shipping-taxable","16":"purchasable","17":"product-type-simple"},"acf":[],"_links":{"self":[{"href":"https:\/\/dharmashop.de\/en\/wp-json\/wp\/v2\/product\/18827","targetHints":{"allow":["GET"]}}],"collection":[{"href":"https:\/\/dharmashop.de\/en\/wp-json\/wp\/v2\/product"}],"about":[{"href":"https:\/\/dharmashop.de\/en\/wp-json\/wp\/v2\/types\/product"}],"wp:featuredmedia":[{"embeddable":true,"href":"https:\/\/dharmashop.de\/en\/wp-json\/wp\/v2\/media\/18828"}],"wp:attachment":[{"href":"https:\/\/dharmashop.de\/en\/wp-json\/wp\/v2\/media?parent=18827"}],"wp:term":[{"taxonomy":"product_brand","embeddable":true,"href":"https:\/\/dharmashop.de\/en\/wp-json\/wp\/v2\/product_brand?post=18827"},{"taxonomy":"product_cat","embeddable":true,"href":"https:\/\/dharmashop.de\/en\/wp-json\/wp\/v2\/product_cat?post=18827"},{"taxonomy":"product_tag","embeddable":true,"href":"https:\/\/dharmashop.de\/en\/wp-json\/wp\/v2\/product_tag?post=18827"}],"curies":[{"name":"wp","href":"https:\/\/api.w.org\/{rel}","templated":true}]}}