{"id":19042,"date":"2025-02-18T08:57:13","date_gmt":"2025-02-18T08:57:13","guid":{"rendered":"https:\/\/dharmashop.de\/?post_type=product&#038;p=19042"},"modified":"2026-03-12T09:49:19","modified_gmt":"2026-03-12T09:49:19","slug":"klangschalen-fuer-gesundheit-und-innere-harmonie","status":"publish","type":"product","link":"https:\/\/dharmashop.de\/en\/produkt\/klangschalen-fuer-gesundheit-und-innere-harmonie\/","title":{"rendered":"Klangschalen. F\u00fcr Gesundheit und innere Harmonie"},"content":{"rendered":"","protected":false},"excerpt":{"rendered":"<div class=\"prh-heading-h3 prh-font-shift prh-mb-5 md:prh-mb-6\">Im Einklang mit sich selbst<\/div>\n<div class=\"prh-font-fort prh-mb-8 md:prh-mb-10 prh-transition-all prh-ease-in-out prh-duration-300\">\n<div class=\"prh-line-clamp-none prh-font-lg prh-leading-relaxed prh-mb-2.5\" data-detail-text=\"\">\n<p>Der Ton der Klangschalen ber\u00fchrt unser Innerstes, er bringt die Seele zum Schwingen. Ihr Klang l\u00f6st Spannungen, mobilisiert die Selbstheilungskr\u00e4fte und setzt sch\u00f6pferische Energien frei. Dieses Buch bietet ausf\u00fchrliche, bebilderte Anleitungen zum Spielen der Klangschalen und informiert \u00fcber Vorbeugung und Therapie mit Klangschalen f\u00fcr Anwendungsgebiete von Bluthochdruck bis zu Muskelverspannungen. Au\u00dferdem erhalten Sie einen Einblick in die tibetische Geschichte und Tradition dieses Instruments.<\/p>\n<\/div>\n<\/div>","protected":false},"featured_media":19043,"template":"","meta":[],"product_brand":[],"product_cat":[65,19],"product_tag":[],"class_list":{"0":"post-19042","1":"product","2":"type-product","3":"status-publish","4":"has-post-thumbnail","6":"product_cat-buddhismus-allgemein","7":"product_cat-buecher","8":"sales-flash-overlay","9":"woocommerce-text-align-left","10":"woocommerce-image-align-center","11":"do-quantity-buttons","13":"first","14":"instock","15":"taxable","16":"shipping-taxable","17":"purchasable","18":"product-type-simple"},"acf":[],"_links":{"self":[{"href":"https:\/\/dharmashop.de\/en\/wp-json\/wp\/v2\/product\/19042","targetHints":{"allow":["GET"]}}],"collection":[{"href":"https:\/\/dharmashop.de\/en\/wp-json\/wp\/v2\/product"}],"about":[{"href":"https:\/\/dharmashop.de\/en\/wp-json\/wp\/v2\/types\/product"}],"wp:featuredmedia":[{"embeddable":true,"href":"https:\/\/dharmashop.de\/en\/wp-json\/wp\/v2\/media\/19043"}],"wp:attachment":[{"href":"https:\/\/dharmashop.de\/en\/wp-json\/wp\/v2\/media?parent=19042"}],"wp:term":[{"taxonomy":"product_brand","embeddable":true,"href":"https:\/\/dharmashop.de\/en\/wp-json\/wp\/v2\/product_brand?post=19042"},{"taxonomy":"product_cat","embeddable":true,"href":"https:\/\/dharmashop.de\/en\/wp-json\/wp\/v2\/product_cat?post=19042"},{"taxonomy":"product_tag","embeddable":true,"href":"https:\/\/dharmashop.de\/en\/wp-json\/wp\/v2\/product_tag?post=19042"}],"curies":[{"name":"wp","href":"https:\/\/api.w.org\/{rel}","templated":true}]}}