{"id":19177,"date":"2025-04-07T07:56:35","date_gmt":"2025-04-07T07:56:35","guid":{"rendered":"https:\/\/dharmashop.de\/?post_type=product&#038;p=19177"},"modified":"2026-03-12T09:49:03","modified_gmt":"2026-03-12T09:49:03","slug":"moonshine-yoga-duftstaebchen-aqua-zen","status":"publish","type":"product","link":"https:\/\/dharmashop.de\/en\/produkt\/moonshine-yoga-duftstaebchen-aqua-zen\/","title":{"rendered":"Moonshine Yoga Duftst\u00e4bchen aqua zen"},"content":{"rendered":"","protected":false},"excerpt":{"rendered":"<p data-start=\"2566\" data-end=\"2820\">Eine erfrischende Duftmischung, inspiriert von der Ruhe des Wassers, entwickelt f\u00fcr Klarheit und Entspannung. Diese Duftst\u00e4bchen verbreiten einen frischen, aquatischen Duft, der eine friedliche Atmosph\u00e4re schafft, ideal zur Entspannung oder Meditation.<\/p>\n<p data-start=\"2822\" data-end=\"3024\"><strong data-start=\"2822\" data-end=\"2840\">Produktdetails<\/strong><br data-start=\"2840\" data-end=\"2843\" \/>30 ml Rattanst\u00e4bchen-Diffusor mit Diffusorst\u00e4bchen.<br \/>\nFrisch, aquatisch inspirierter Aqua Zen-Duft.<br data-start=\"2925\" data-end=\"2928\" \/>Langsame Freisetzung f\u00fcr langanhaltenden Duft.<br data-start=\"2974\" data-end=\"2977\" \/>Dekorative Glasflasche mit Yoga-Illustration.<\/p>","protected":false},"featured_media":20542,"template":"","meta":[],"product_brand":[],"product_cat":[239],"product_tag":[],"class_list":{"0":"post-19177","1":"product","2":"type-product","3":"status-publish","4":"has-post-thumbnail","6":"product_cat-geschenkartikel","7":"sales-flash-overlay","8":"woocommerce-text-align-left","9":"woocommerce-image-align-center","10":"do-quantity-buttons","12":"first","13":"instock","14":"taxable","15":"shipping-taxable","16":"purchasable","17":"product-type-simple"},"acf":[],"_links":{"self":[{"href":"https:\/\/dharmashop.de\/en\/wp-json\/wp\/v2\/product\/19177","targetHints":{"allow":["GET"]}}],"collection":[{"href":"https:\/\/dharmashop.de\/en\/wp-json\/wp\/v2\/product"}],"about":[{"href":"https:\/\/dharmashop.de\/en\/wp-json\/wp\/v2\/types\/product"}],"wp:featuredmedia":[{"embeddable":true,"href":"https:\/\/dharmashop.de\/en\/wp-json\/wp\/v2\/media\/20542"}],"wp:attachment":[{"href":"https:\/\/dharmashop.de\/en\/wp-json\/wp\/v2\/media?parent=19177"}],"wp:term":[{"taxonomy":"product_brand","embeddable":true,"href":"https:\/\/dharmashop.de\/en\/wp-json\/wp\/v2\/product_brand?post=19177"},{"taxonomy":"product_cat","embeddable":true,"href":"https:\/\/dharmashop.de\/en\/wp-json\/wp\/v2\/product_cat?post=19177"},{"taxonomy":"product_tag","embeddable":true,"href":"https:\/\/dharmashop.de\/en\/wp-json\/wp\/v2\/product_tag?post=19177"}],"curies":[{"name":"wp","href":"https:\/\/api.w.org\/{rel}","templated":true}]}}