{"id":19288,"date":"2025-04-23T06:21:26","date_gmt":"2025-04-23T06:21:26","guid":{"rendered":"https:\/\/dharmashop.de\/?post_type=product&#038;p=19288"},"modified":"2026-03-12T09:48:40","modified_gmt":"2026-03-12T09:48:40","slug":"choed-trommel-mit-gelbem-cover-aus-brokat","status":"publish","type":"product","link":"https:\/\/dharmashop.de\/en\/produkt\/choed-trommel-mit-gelbem-cover-aus-brokat\/","title":{"rendered":"Ch\u00f6d Trommel mit gelbem Cover aus Brokat"},"content":{"rendered":"","protected":false},"excerpt":{"rendered":"<p>Faszinierende und mystische Ch\u00f6d Trommel, wundersch\u00f6n dekoriert mit einer bunten Seidenquaste und Fransen, sehr auff\u00e4llig und perfekt im Klang. Einfach zusammen zu rollen und in der mitgelieferten Seidenbrokatbox ideal f\u00fcr unterwegs. Ca. 20&#215;11 cm , hergestellt in Nepal.<\/p>","protected":false},"featured_media":19289,"template":"","meta":[],"product_brand":[],"product_cat":[87],"product_tag":[],"class_list":{"0":"post-19288","1":"product","2":"type-product","3":"status-publish","4":"has-post-thumbnail","6":"product_cat-musikinstrumente","7":"sales-flash-overlay","8":"woocommerce-text-align-left","9":"woocommerce-image-align-center","10":"do-quantity-buttons","12":"first","13":"instock","14":"taxable","15":"shipping-taxable","16":"purchasable","17":"product-type-simple"},"acf":[],"_links":{"self":[{"href":"https:\/\/dharmashop.de\/en\/wp-json\/wp\/v2\/product\/19288","targetHints":{"allow":["GET"]}}],"collection":[{"href":"https:\/\/dharmashop.de\/en\/wp-json\/wp\/v2\/product"}],"about":[{"href":"https:\/\/dharmashop.de\/en\/wp-json\/wp\/v2\/types\/product"}],"wp:featuredmedia":[{"embeddable":true,"href":"https:\/\/dharmashop.de\/en\/wp-json\/wp\/v2\/media\/19289"}],"wp:attachment":[{"href":"https:\/\/dharmashop.de\/en\/wp-json\/wp\/v2\/media?parent=19288"}],"wp:term":[{"taxonomy":"product_brand","embeddable":true,"href":"https:\/\/dharmashop.de\/en\/wp-json\/wp\/v2\/product_brand?post=19288"},{"taxonomy":"product_cat","embeddable":true,"href":"https:\/\/dharmashop.de\/en\/wp-json\/wp\/v2\/product_cat?post=19288"},{"taxonomy":"product_tag","embeddable":true,"href":"https:\/\/dharmashop.de\/en\/wp-json\/wp\/v2\/product_tag?post=19288"}],"curies":[{"name":"wp","href":"https:\/\/api.w.org\/{rel}","templated":true}]}}