{"id":19360,"date":"2025-05-06T06:49:28","date_gmt":"2025-05-06T06:49:28","guid":{"rendered":"https:\/\/dharmashop.de\/?post_type=product&#038;p=19360"},"modified":"2026-03-12T09:48:22","modified_gmt":"2026-03-12T09:48:22","slug":"natuerliche-marseille-seife-lavendelblueten","status":"publish","type":"product","link":"https:\/\/dharmashop.de\/en\/produkt\/natuerliche-marseille-seife-lavendelblueten\/","title":{"rendered":"Nat\u00fcrliche Marseille-Seife Lavendelbl\u00fcten"},"content":{"rendered":"","protected":false},"excerpt":{"rendered":"<p data-start=\"212\" data-end=\"682\">mit echten Lavendelbl\u00fcten, bietet sie einen sanften Peeling-Effekt, w\u00e4hrend sie die Haut reinigt und pflegt. Nach authentischer\u00a0<strong data-start=\"464\" data-end=\"478\">marseiller<\/strong>\u00a0Seifentradition gefertigt, ist diese extra-milde Seife mit s\u00fc\u00dfem Mandel\u00f6l und pflanzlichem Glycerin angereichert und sorgt f\u00fcr eine tiefenwirksame Feuchtigkeitsversorgung und eine wohltuende Reinigung.<\/p>\n<p data-start=\"684\" data-end=\"980\"><strong data-start=\"684\" data-end=\"704\">\u00dcber das Produkt<\/strong><br data-start=\"704\" data-end=\"707\" \/>72% pflanzliche \u00d6le<br data-start=\"726\" data-end=\"729\" \/>Nat\u00fcrliche Mineralfarbstoffe<br data-start=\"757\" data-end=\"760\" \/>Formel mit neutralem pH-Wert<br data-start=\"788\" data-end=\"791\" \/>100% biologisch abbaubar<br data-start=\"815\" data-end=\"818\" \/>Trocknet die Haut nicht aus<br data-start=\"845\" data-end=\"848\" \/>Nicht an Tieren getestet<br data-start=\"872\" data-end=\"875\" \/>Ohne Parabene, tierische Fette oder Antioxidantien<br data-start=\"925\" data-end=\"928\" \/>Ohne Glykolether, PEG oder petrochemische Derivate<\/p>\n<p data-start=\"982\" data-end=\"1377\"><strong data-start=\"982\" data-end=\"1008\">Wirkstoffe<\/strong><br data-start=\"1008\" data-end=\"1011\" \/>Lavendelbl\u00fcten sorgen f\u00fcr eine sanfte Peeling-Wirkung, entfernen abgestorbene Hautzellen und hinterlassen ein frisches und weiches Hautgef\u00fchl. S\u00fc\u00dfes Mandel\u00f6l pflegt und beruhigt die Haut, ideal f\u00fcr trockene oder empfindliche Haut. Pflanzliches Glycerin spendet langanhaltende Feuchtigkeit und sch\u00fctzt vor Austrocknung, damit die Haut geschmeidig und gesund bleibt.<\/p>\n<p data-start=\"1379\" data-end=\"1661\"><strong data-start=\"1379\" data-end=\"1403\">Inhaltsstoffe (INCI)<\/strong><br data-start=\"1403\" data-end=\"1406\" \/>Sodium palmate, Sodium palm kernelate, Aqua, Glycerin, Parfum, Prunus amygdalus dulcis oil, Lavandula hybrida flower, Palm kernel acid, Sodium chloride, Tetrasodium etidronate, Tetrasodium EDTA, Linalool, Sodium laureth sulfate, O-phenylphenol, CI 51319<\/p>","protected":false},"featured_media":20424,"template":"","meta":[],"product_brand":[],"product_cat":[277,260,239],"product_tag":[],"class_list":{"0":"post-19360","1":"product","2":"type-product","3":"status-publish","4":"has-post-thumbnail","6":"product_cat-bio-koerperpflege","7":"product_cat-ernaehrung","8":"product_cat-geschenkartikel","9":"sales-flash-overlay","10":"woocommerce-text-align-left","11":"woocommerce-image-align-center","12":"do-quantity-buttons","14":"first","15":"instock","16":"taxable","17":"shipping-taxable","18":"purchasable","19":"product-type-simple"},"acf":[],"_links":{"self":[{"href":"https:\/\/dharmashop.de\/en\/wp-json\/wp\/v2\/product\/19360","targetHints":{"allow":["GET"]}}],"collection":[{"href":"https:\/\/dharmashop.de\/en\/wp-json\/wp\/v2\/product"}],"about":[{"href":"https:\/\/dharmashop.de\/en\/wp-json\/wp\/v2\/types\/product"}],"wp:featuredmedia":[{"embeddable":true,"href":"https:\/\/dharmashop.de\/en\/wp-json\/wp\/v2\/media\/20424"}],"wp:attachment":[{"href":"https:\/\/dharmashop.de\/en\/wp-json\/wp\/v2\/media?parent=19360"}],"wp:term":[{"taxonomy":"product_brand","embeddable":true,"href":"https:\/\/dharmashop.de\/en\/wp-json\/wp\/v2\/product_brand?post=19360"},{"taxonomy":"product_cat","embeddable":true,"href":"https:\/\/dharmashop.de\/en\/wp-json\/wp\/v2\/product_cat?post=19360"},{"taxonomy":"product_tag","embeddable":true,"href":"https:\/\/dharmashop.de\/en\/wp-json\/wp\/v2\/product_tag?post=19360"}],"curies":[{"name":"wp","href":"https:\/\/api.w.org\/{rel}","templated":true}]}}