{"id":19485,"date":"2025-06-06T07:30:20","date_gmt":"2025-06-06T07:30:20","guid":{"rendered":"https:\/\/dharmashop.de\/?post_type=product&#038;p=19485"},"modified":"2026-03-12T09:47:14","modified_gmt":"2026-03-12T09:47:14","slug":"tibetisches-raeucherpulver-gegen-stress-angst-und-depressionen","status":"publish","type":"product","link":"https:\/\/dharmashop.de\/en\/produkt\/tibetisches-raeucherpulver-gegen-stress-angst-und-depressionen\/","title":{"rendered":"Tibetisches R\u00e4ucherpulver wei\u00dfe Tara, gegen Stress, Angst und Depressionen"},"content":{"rendered":"","protected":false},"excerpt":{"rendered":"<p>Feines tibetisches R\u00e4ucherwerkpulver.<\/p>\n<p>Dieses Original Gangchen Himalaya-R\u00e4ucherwerk wird von M\u00f6nchen an den Ausl\u00e4ufern des Himalaya sorgf\u00e4ltig nach traditionellen Rezepten hergestellt. Es wird aus sorgf\u00e4ltig geernteten Bergkr\u00e4utern, \u00d6len, Harzen und Gew\u00fcrzen hergestellt und tr\u00e4gt dazu bei, eine kraftvolle meditative und heilende Atmosph\u00e4re f\u00fcr K\u00f6rper, Geist und Lebensumfeld zu schaffen.<\/p>\n<p>Inspiriert von der beruhigenden Pr\u00e4senz Buddha Wei\u00dfe Tara, f\u00f6rdert diese Mischung Frieden und emotionales Gleichgewicht. Verwenden Sie sie, um mentalen Stress abzubauen und innere Ruhe zu kultivieren.<\/p>\n<p>F\u00fcr ein individuelles Erlebnis k\u00f6nnen Sie verschiedene R\u00e4ucherpulver nach Bedarf mischen. Um die Qualit\u00e4t des Weihrauchs zu erhalten, empfehlen wir, ihn in einem trockenen, geschlossenen Beh\u00e4lter aufzubewahren.<\/p>\n<p>Made in Nepal<\/p>","protected":false},"featured_media":19486,"template":"","meta":[],"product_brand":[],"product_cat":[247,57],"product_tag":[],"class_list":{"0":"post-19485","1":"product","2":"type-product","3":"status-publish","4":"has-post-thumbnail","6":"product_cat-raeucherstaebchenraeucherwerk","7":"product_cat-schrein-ritual-meditation","8":"sales-flash-overlay","9":"woocommerce-text-align-left","10":"woocommerce-image-align-center","11":"do-quantity-buttons","13":"first","14":"instock","15":"taxable","16":"shipping-taxable","17":"purchasable","18":"product-type-simple"},"acf":[],"_links":{"self":[{"href":"https:\/\/dharmashop.de\/en\/wp-json\/wp\/v2\/product\/19485","targetHints":{"allow":["GET"]}}],"collection":[{"href":"https:\/\/dharmashop.de\/en\/wp-json\/wp\/v2\/product"}],"about":[{"href":"https:\/\/dharmashop.de\/en\/wp-json\/wp\/v2\/types\/product"}],"wp:featuredmedia":[{"embeddable":true,"href":"https:\/\/dharmashop.de\/en\/wp-json\/wp\/v2\/media\/19486"}],"wp:attachment":[{"href":"https:\/\/dharmashop.de\/en\/wp-json\/wp\/v2\/media?parent=19485"}],"wp:term":[{"taxonomy":"product_brand","embeddable":true,"href":"https:\/\/dharmashop.de\/en\/wp-json\/wp\/v2\/product_brand?post=19485"},{"taxonomy":"product_cat","embeddable":true,"href":"https:\/\/dharmashop.de\/en\/wp-json\/wp\/v2\/product_cat?post=19485"},{"taxonomy":"product_tag","embeddable":true,"href":"https:\/\/dharmashop.de\/en\/wp-json\/wp\/v2\/product_tag?post=19485"}],"curies":[{"name":"wp","href":"https:\/\/api.w.org\/{rel}","templated":true}]}}