{"id":19488,"date":"2025-06-06T07:46:00","date_gmt":"2025-06-06T07:46:00","guid":{"rendered":"https:\/\/dharmashop.de\/?post_type=product&#038;p=19488"},"modified":"2026-03-12T09:47:13","modified_gmt":"2026-03-12T09:47:13","slug":"tibetisches-raeucherpulver-vajrasattva-gutes-karma","status":"publish","type":"product","link":"https:\/\/dharmashop.de\/en\/produkt\/tibetisches-raeucherpulver-vajrasattva-gutes-karma\/","title":{"rendered":"Tibetisches R\u00e4ucherpulver Vajrasattva, Gutes Karma"},"content":{"rendered":"","protected":false},"excerpt":{"rendered":"<p>Feines tibetisches R\u00e4ucherwerkpulver.<\/p>\n<p>Dieses Original Gangchen Himalaya-R\u00e4ucherwerk wird von M\u00f6nchen an den Ausl\u00e4ufern des Himalaya sorgf\u00e4ltig nach traditionellen Rezepten hergestellt. Es wird aus sorgf\u00e4ltig geernteten Bergkr\u00e4utern, \u00d6len, Harzen und Gew\u00fcrzen hergestellt und tr\u00e4gt dazu bei, eine kraftvolle meditative und heilende Atmosph\u00e4re f\u00fcr K\u00f6rper, Geist und Lebensumfeld zu schaffen.<\/p>\n<p>Dieses R\u00e4ucherpulver, das die reinigende Essenz von Vajrasattva widerspiegelt, unterst\u00fctzt die Reinigung von negativem Karma und hilft, eine heilige Atmosph\u00e4re zu schaffen.<\/p>\n<p>F\u00fcr ein individuelles Erlebnis k\u00f6nnen Sie verschiedene R\u00e4ucherpulver nach Bedarf mischen. Um die Qualit\u00e4t des Weihrauchs zu erhalten, empfehlen wir, ihn in einem trockenen, geschlossenen Beh\u00e4lter aufzubewahren.<\/p>\n<p>Made in Nepal<\/p>","protected":false},"featured_media":19489,"template":"","meta":[],"product_brand":[],"product_cat":[247],"product_tag":[],"class_list":{"0":"post-19488","1":"product","2":"type-product","3":"status-publish","4":"has-post-thumbnail","6":"product_cat-raeucherstaebchenraeucherwerk","7":"sales-flash-overlay","8":"woocommerce-text-align-left","9":"woocommerce-image-align-center","10":"do-quantity-buttons","12":"first","13":"instock","14":"taxable","15":"shipping-taxable","16":"purchasable","17":"product-type-simple"},"acf":[],"_links":{"self":[{"href":"https:\/\/dharmashop.de\/en\/wp-json\/wp\/v2\/product\/19488","targetHints":{"allow":["GET"]}}],"collection":[{"href":"https:\/\/dharmashop.de\/en\/wp-json\/wp\/v2\/product"}],"about":[{"href":"https:\/\/dharmashop.de\/en\/wp-json\/wp\/v2\/types\/product"}],"wp:featuredmedia":[{"embeddable":true,"href":"https:\/\/dharmashop.de\/en\/wp-json\/wp\/v2\/media\/19489"}],"wp:attachment":[{"href":"https:\/\/dharmashop.de\/en\/wp-json\/wp\/v2\/media?parent=19488"}],"wp:term":[{"taxonomy":"product_brand","embeddable":true,"href":"https:\/\/dharmashop.de\/en\/wp-json\/wp\/v2\/product_brand?post=19488"},{"taxonomy":"product_cat","embeddable":true,"href":"https:\/\/dharmashop.de\/en\/wp-json\/wp\/v2\/product_cat?post=19488"},{"taxonomy":"product_tag","embeddable":true,"href":"https:\/\/dharmashop.de\/en\/wp-json\/wp\/v2\/product_tag?post=19488"}],"curies":[{"name":"wp","href":"https:\/\/api.w.org\/{rel}","templated":true}]}}