{"id":19491,"date":"2025-06-06T07:51:41","date_gmt":"2025-06-06T07:51:41","guid":{"rendered":"https:\/\/dharmashop.de\/?post_type=product&#038;p=19491"},"modified":"2026-03-12T09:47:12","modified_gmt":"2026-03-12T09:47:12","slug":"tibetisches-raeucherpulver-schutz","status":"publish","type":"product","link":"https:\/\/dharmashop.de\/en\/produkt\/tibetisches-raeucherpulver-schutz\/","title":{"rendered":"Tibetisches R\u00e4ucherpulver Schutz"},"content":{"rendered":"","protected":false},"excerpt":{"rendered":"<p>Feines tibetisches R\u00e4ucherwerkpulver.<\/p>\n<p>Dieses Original Gangchen Himalaya-R\u00e4ucherwerk wird von M\u00f6nchen an den Ausl\u00e4ufern des Himalaya sorgf\u00e4ltig nach traditionellen Rezepten hergestellt. Es wird aus sorgf\u00e4ltig geernteten Bergkr\u00e4utern, \u00d6len, Harzen und Gew\u00fcrzen hergestellt und tr\u00e4gt dazu bei, eine kraftvolle meditative und heilende Atmosph\u00e4re f\u00fcr K\u00f6rper, Geist und Lebensumfeld zu schaffen.<\/p>\n<p>Diese R\u00e4ucherung spiegelt die sch\u00fctzenden Eigenschaften von Ganapati-Ganesh wider und hilft, Hindernisse zu beseitigen und vor Negativit\u00e4t zu sch\u00fctzen. Eine kraftvolle Wahl, um deinen Raum zu sch\u00fctzen<\/p>\n<p>F\u00fcr ein individuelles Erlebnis k\u00f6nnen Sie verschiedene R\u00e4ucherpulver nach Bedarf mischen. Um die Qualit\u00e4t des Weihrauchs zu erhalten, empfehlen wir, ihn in einem trockenen, geschlossenen Beh\u00e4lter aufzubewahren. Hergestellt in Nepal<\/p>","protected":false},"featured_media":19492,"template":"","meta":[],"product_brand":[],"product_cat":[247],"product_tag":[],"class_list":{"0":"post-19491","1":"product","2":"type-product","3":"status-publish","4":"has-post-thumbnail","6":"product_cat-raeucherstaebchenraeucherwerk","7":"sales-flash-overlay","8":"woocommerce-text-align-left","9":"woocommerce-image-align-center","10":"do-quantity-buttons","12":"first","13":"instock","14":"taxable","15":"shipping-taxable","16":"purchasable","17":"product-type-simple"},"acf":[],"_links":{"self":[{"href":"https:\/\/dharmashop.de\/en\/wp-json\/wp\/v2\/product\/19491","targetHints":{"allow":["GET"]}}],"collection":[{"href":"https:\/\/dharmashop.de\/en\/wp-json\/wp\/v2\/product"}],"about":[{"href":"https:\/\/dharmashop.de\/en\/wp-json\/wp\/v2\/types\/product"}],"wp:featuredmedia":[{"embeddable":true,"href":"https:\/\/dharmashop.de\/en\/wp-json\/wp\/v2\/media\/19492"}],"wp:attachment":[{"href":"https:\/\/dharmashop.de\/en\/wp-json\/wp\/v2\/media?parent=19491"}],"wp:term":[{"taxonomy":"product_brand","embeddable":true,"href":"https:\/\/dharmashop.de\/en\/wp-json\/wp\/v2\/product_brand?post=19491"},{"taxonomy":"product_cat","embeddable":true,"href":"https:\/\/dharmashop.de\/en\/wp-json\/wp\/v2\/product_cat?post=19491"},{"taxonomy":"product_tag","embeddable":true,"href":"https:\/\/dharmashop.de\/en\/wp-json\/wp\/v2\/product_tag?post=19491"}],"curies":[{"name":"wp","href":"https:\/\/api.w.org\/{rel}","templated":true}]}}