{"id":19496,"date":"2025-06-06T08:04:35","date_gmt":"2025-06-06T08:04:35","guid":{"rendered":"https:\/\/dharmashop.de\/?post_type=product&#038;p=19496"},"modified":"2026-04-06T15:41:03","modified_gmt":"2026-04-06T15:41:03","slug":"gangchen-manjushri-raeucherstaebchen","status":"publish","type":"product","link":"https:\/\/dharmashop.de\/en\/produkt\/gangchen-manjushri-raeucherstaebchen\/","title":{"rendered":"Gangchen Manjushri R\u00e4ucherst\u00e4bchen"},"content":{"rendered":"","protected":false},"excerpt":{"rendered":"<p>Gangchen Manjushri R\u00e4ucherst\u00e4bchen sind hochwertige kl\u00f6sterliche oder traditionelles R\u00e4ucherst\u00e4bchen mit 100% nat\u00fcrlichen Inhaltsstoffen. Das R\u00e4ucherwerk wird von Frauen in der Sonne getrocknet und verpackt.<br \/>\nDie Verbrennung dieser Gangchen Manjushri-R\u00e4ucherung reinigt den Raum, in dem sie verbrannt wird, und hilft, subtile Hindernisse, Stress und negative Energie zu reduzieren.*<br \/>\nDie tibetische Tradition hat erkannt, dass die Inhaltsstoffe dieser R\u00e4ucherung die Entwicklung eines klaren Bewusstseins f\u00f6rdern.<\/p>\n<p><strong>\u00dcber das Produkt<\/strong><br \/>\n100% nat\u00fcrliche Inhaltsstoffe<br \/>\n33 St\u00e4bchen pro Packung, plus R\u00e4ucherst\u00e4bchenhalter<br \/>\nEin St\u00e4bchen brennt etwa 75 Minuten lang<br \/>\nHandgefertigt in Nepal<\/p>","protected":false},"featured_media":19497,"template":"","meta":[],"product_brand":[],"product_cat":[247],"product_tag":[],"class_list":{"0":"post-19496","1":"product","2":"type-product","3":"status-publish","4":"has-post-thumbnail","6":"product_cat-raeucherstaebchenraeucherwerk","7":"sales-flash-overlay","8":"woocommerce-text-align-left","9":"woocommerce-image-align-center","10":"do-quantity-buttons","12":"first","13":"instock","14":"taxable","15":"shipping-taxable","16":"purchasable","17":"product-type-simple"},"acf":[],"_links":{"self":[{"href":"https:\/\/dharmashop.de\/en\/wp-json\/wp\/v2\/product\/19496","targetHints":{"allow":["GET"]}}],"collection":[{"href":"https:\/\/dharmashop.de\/en\/wp-json\/wp\/v2\/product"}],"about":[{"href":"https:\/\/dharmashop.de\/en\/wp-json\/wp\/v2\/types\/product"}],"wp:featuredmedia":[{"embeddable":true,"href":"https:\/\/dharmashop.de\/en\/wp-json\/wp\/v2\/media\/19497"}],"wp:attachment":[{"href":"https:\/\/dharmashop.de\/en\/wp-json\/wp\/v2\/media?parent=19496"}],"wp:term":[{"taxonomy":"product_brand","embeddable":true,"href":"https:\/\/dharmashop.de\/en\/wp-json\/wp\/v2\/product_brand?post=19496"},{"taxonomy":"product_cat","embeddable":true,"href":"https:\/\/dharmashop.de\/en\/wp-json\/wp\/v2\/product_cat?post=19496"},{"taxonomy":"product_tag","embeddable":true,"href":"https:\/\/dharmashop.de\/en\/wp-json\/wp\/v2\/product_tag?post=19496"}],"curies":[{"name":"wp","href":"https:\/\/api.w.org\/{rel}","templated":true}]}}