{"id":19523,"date":"2025-06-17T07:06:14","date_gmt":"2025-06-17T07:06:14","guid":{"rendered":"https:\/\/dharmashop.de\/?post_type=product&#038;p=19523"},"modified":"2026-03-12T09:47:09","modified_gmt":"2026-03-12T09:47:09","slug":"starke-frauen-im-buddhismus","status":"publish","type":"product","link":"https:\/\/dharmashop.de\/en\/produkt\/starke-frauen-im-buddhismus\/","title":{"rendered":"Starke Frauen im Buddhismus"},"content":{"rendered":"","protected":false},"excerpt":{"rendered":"<p>In allen buddhistischen Traditionen werden die Lebenswege derjenigen, die den Weg zum Erwachen vorausgegangen sind, eifrig gelesen, erz\u00e4hlt und studiert. In der Regel h\u00f6ren wir da Namen gro\u00dfer M\u00e4nner. Aber wo sind die Frauen, die ebenfalls mit Leib und Seele \u00fcbten und Befreiung und Erleuchtung erlangten?<\/p>\n<p>Die Dharmalehrerin Agnes Pollner hat inspirierende Geschichten \u00fcber Frauen aus allen buddhistischen Traditionen zusammengetragen und macht damit das Wirken und die Weisheit spiritueller Ahninnen im Buddhismus sichtbar.<\/p>\n<p>In diesem Band sind es die Lebens- und Erfahrungsgeschichten von Frauen zu Lebenszeiten des Buddha und aus den Mahayana-Traditionen in Indien, China und Japan, die furchtlos und unbeirrbar ihren Weg gingen. Die Sammlung l\u00e4dt auf vergn\u00fcgliche und unterhaltsame Weise auch zum Vorlesen und Weitererz\u00e4hlen ein.<\/p>\n<p>Mit einem Vorwort von Sylvia Wetzel (Im Herbst 2025 folgt ein weiterer Band mit Geschichten aus Tibet und \u00fcber Frauen aus dem tantrischen Buddhismus).<\/p>","protected":false},"featured_media":19524,"template":"","meta":[],"product_brand":[],"product_cat":[65],"product_tag":[],"class_list":{"0":"post-19523","1":"product","2":"type-product","3":"status-publish","4":"has-post-thumbnail","6":"product_cat-buddhismus-allgemein","7":"sales-flash-overlay","8":"woocommerce-text-align-left","9":"woocommerce-image-align-center","10":"do-quantity-buttons","12":"first","13":"instock","14":"taxable","15":"shipping-taxable","16":"purchasable","17":"product-type-simple"},"acf":[],"_links":{"self":[{"href":"https:\/\/dharmashop.de\/en\/wp-json\/wp\/v2\/product\/19523","targetHints":{"allow":["GET"]}}],"collection":[{"href":"https:\/\/dharmashop.de\/en\/wp-json\/wp\/v2\/product"}],"about":[{"href":"https:\/\/dharmashop.de\/en\/wp-json\/wp\/v2\/types\/product"}],"wp:featuredmedia":[{"embeddable":true,"href":"https:\/\/dharmashop.de\/en\/wp-json\/wp\/v2\/media\/19524"}],"wp:attachment":[{"href":"https:\/\/dharmashop.de\/en\/wp-json\/wp\/v2\/media?parent=19523"}],"wp:term":[{"taxonomy":"product_brand","embeddable":true,"href":"https:\/\/dharmashop.de\/en\/wp-json\/wp\/v2\/product_brand?post=19523"},{"taxonomy":"product_cat","embeddable":true,"href":"https:\/\/dharmashop.de\/en\/wp-json\/wp\/v2\/product_cat?post=19523"},{"taxonomy":"product_tag","embeddable":true,"href":"https:\/\/dharmashop.de\/en\/wp-json\/wp\/v2\/product_tag?post=19523"}],"curies":[{"name":"wp","href":"https:\/\/api.w.org\/{rel}","templated":true}]}}