{"id":19743,"date":"2025-07-24T07:52:55","date_gmt":"2025-07-24T07:52:55","guid":{"rendered":"https:\/\/dharmashop.de\/?post_type=product&#038;p=19743"},"modified":"2026-03-12T09:46:34","modified_gmt":"2026-03-12T09:46:34","slug":"lebensbaum-harmonie-ball-silberfarben","status":"publish","type":"product","link":"https:\/\/dharmashop.de\/en\/produkt\/lebensbaum-harmonie-ball-silberfarben\/","title":{"rendered":"Lebensbaum Harmonie Ball silberfarben"},"content":{"rendered":"","protected":false},"excerpt":{"rendered":"<p>Baum des Lebens Anh\u00e4nger mit einer klingelnden Glocke im Inneren, auch als Schwangerschaftsball oder Harmonieball bekannt. Kann auch als Aroma-Anh\u00e4nger verwendet werden: Bespr\u00fchen Sie die ebenfalls mitgelieferte Lavasteinkugel mit 1-2 Tropfen des gew\u00fcnschten \u00e4therischen \u00d6ls (nicht im Lieferumfang enthalten) und legen Sie es anstelle des Gl\u00f6ckchens in den Anh\u00e4nger.*<\/p>\n<p>Hinweis: Kette nicht inbegriffen.<\/p>\n<p>Es wird gesagt, dass der Klang der Glocke eine beruhigende Wirkung auf das Baby im Mutterleib hat und die Bindung zwischen Mutter und Kind st\u00e4rkt. Der Baum des Lebens symbolisiert Wachstum, Wohlstand und den Kreislauf von Geburt, Tod und Wiedergeburt. Aromatherapie wirkt beruhigend, entspannend und erholsam.<\/p>\n<div class=\"spec-item\">\n<div class=\"spec-desc\">Gr\u00f6\u00dfe cm<\/div>\n<div class=\"spec-value\">2.5<\/div>\n<\/div>\n<div class=\"spec-item\">\n<div class=\"spec-desc\">Material<\/div>\n<div class=\"spec-value\">Brass<\/div>\n<\/div>\n<div class=\"spec-item\">\n<div class=\"spec-desc\">Gesamtgewicht gr<\/div>\n<div class=\"spec-value\">12<\/div>\n<\/div>\n<div class=\"spec-item\">\n<div class=\"spec-desc\">Verpackung<\/div>\n<div class=\"spec-value\">Karton Geschenkbox<\/div>\n<\/div>","protected":false},"featured_media":19744,"template":"","meta":[],"product_brand":[],"product_cat":[235],"product_tag":[],"class_list":{"0":"post-19743","1":"product","2":"type-product","3":"status-publish","4":"has-post-thumbnail","6":"product_cat-schmuck","7":"sales-flash-overlay","8":"woocommerce-text-align-left","9":"woocommerce-image-align-center","10":"do-quantity-buttons","11":"wc-has-gallery","13":"first","14":"instock","15":"taxable","16":"shipping-taxable","17":"purchasable","18":"product-type-simple"},"acf":[],"_links":{"self":[{"href":"https:\/\/dharmashop.de\/en\/wp-json\/wp\/v2\/product\/19743","targetHints":{"allow":["GET"]}}],"collection":[{"href":"https:\/\/dharmashop.de\/en\/wp-json\/wp\/v2\/product"}],"about":[{"href":"https:\/\/dharmashop.de\/en\/wp-json\/wp\/v2\/types\/product"}],"wp:featuredmedia":[{"embeddable":true,"href":"https:\/\/dharmashop.de\/en\/wp-json\/wp\/v2\/media\/19744"}],"wp:attachment":[{"href":"https:\/\/dharmashop.de\/en\/wp-json\/wp\/v2\/media?parent=19743"}],"wp:term":[{"taxonomy":"product_brand","embeddable":true,"href":"https:\/\/dharmashop.de\/en\/wp-json\/wp\/v2\/product_brand?post=19743"},{"taxonomy":"product_cat","embeddable":true,"href":"https:\/\/dharmashop.de\/en\/wp-json\/wp\/v2\/product_cat?post=19743"},{"taxonomy":"product_tag","embeddable":true,"href":"https:\/\/dharmashop.de\/en\/wp-json\/wp\/v2\/product_tag?post=19743"}],"curies":[{"name":"wp","href":"https:\/\/api.w.org\/{rel}","templated":true}]}}