{"id":19777,"date":"2025-08-14T07:31:35","date_gmt":"2025-08-14T07:31:35","guid":{"rendered":"https:\/\/dharmashop.de\/?post_type=product&#038;p=19777"},"modified":"2026-03-12T09:46:34","modified_gmt":"2026-03-12T09:46:34","slug":"magnet","status":"publish","type":"product","link":"https:\/\/dharmashop.de\/en\/produkt\/magnet\/","title":{"rendered":"Magnet Brokkoli :)"},"content":{"rendered":"","protected":false},"excerpt":{"rendered":"<div class=\"f_flex_base f_flex_single_value_direction\">\n<div class=\"sc-7fdf59ed-0 bWAvvD\" data-test-id=\"accordion-text\">\n<p class=\"f_t_base f_t_color f_t_paragraphSansRegular\">LIGARTI: Holzmagnet mit Brokkoli Produktinformationen: \u2022 Detaillierter, plastikfreier Formmagnet \u2022 70 mm x 37 mm Gr\u00f6\u00dfe \u2022 Made in Germany \u2022 Starker Magnet mit gro\u00dfer Kraft \u2022 Hochwertiger, farbintensiver Druck \u2022 Handgezeichnetes Motiv von unserer K\u00fcnstlerin Hanna Ligeti.Ob als K\u00fchlschrankmagnet oder an deiner Pinnwand im B\u00fcro: Dieser Magnet h\u00e4lt deine Notizen, Urlaubsfotos und die n\u00e4chste Einkaufsliste an Ort und Stelle \u2013 und bringt au\u00dferdem noch Kunst in deinen Alltag. Denn auch ohne Zettel ist er ein absoluter Hingucker.<\/p>\n<\/div>\n<\/div>\n<div class=\"f_spacer_base f_spacer_single_value_fb f_spacer_single_value_min_width\"><\/div>\n<div class=\"sc-ee2a0ed1-1 bcIGwE f_flex_base f_flex_single_value_align f_flex_single_value_direction\">\n<div class=\"sc-ee2a0ed1-0 eHSLua\"><\/div>\n<\/div>","protected":false},"featured_media":19778,"template":"","meta":[],"product_brand":[],"product_cat":[239],"product_tag":[],"class_list":{"0":"post-19777","1":"product","2":"type-product","3":"status-publish","4":"has-post-thumbnail","6":"product_cat-geschenkartikel","7":"sales-flash-overlay","8":"woocommerce-text-align-left","9":"woocommerce-image-align-center","10":"do-quantity-buttons","12":"first","13":"instock","14":"taxable","15":"shipping-taxable","16":"purchasable","17":"product-type-simple"},"acf":[],"_links":{"self":[{"href":"https:\/\/dharmashop.de\/en\/wp-json\/wp\/v2\/product\/19777","targetHints":{"allow":["GET"]}}],"collection":[{"href":"https:\/\/dharmashop.de\/en\/wp-json\/wp\/v2\/product"}],"about":[{"href":"https:\/\/dharmashop.de\/en\/wp-json\/wp\/v2\/types\/product"}],"wp:featuredmedia":[{"embeddable":true,"href":"https:\/\/dharmashop.de\/en\/wp-json\/wp\/v2\/media\/19778"}],"wp:attachment":[{"href":"https:\/\/dharmashop.de\/en\/wp-json\/wp\/v2\/media?parent=19777"}],"wp:term":[{"taxonomy":"product_brand","embeddable":true,"href":"https:\/\/dharmashop.de\/en\/wp-json\/wp\/v2\/product_brand?post=19777"},{"taxonomy":"product_cat","embeddable":true,"href":"https:\/\/dharmashop.de\/en\/wp-json\/wp\/v2\/product_cat?post=19777"},{"taxonomy":"product_tag","embeddable":true,"href":"https:\/\/dharmashop.de\/en\/wp-json\/wp\/v2\/product_tag?post=19777"}],"curies":[{"name":"wp","href":"https:\/\/api.w.org\/{rel}","templated":true}]}}